
{"id":39,"date":"2024-05-30T14:25:05","date_gmt":"2024-05-30T11:25:05","guid":{"rendered":"https:\/\/ayparsenerji.com.tr\/?post_type=product&#038;p=39"},"modified":"2024-05-30T14:25:06","modified_gmt":"2024-05-30T11:25:06","slug":"izole-sehpa","status":"publish","type":"product","link":"https:\/\/www.ayparsenerji.com.tr\/en\/product\/izole-sehpa\/","title":{"rendered":"\u0130zole Sehpa"},"content":{"rendered":"<p>&nbsp;<\/p>\n<p>\u2756 \u0130zole sehpa (tabure), OG h\u00fccre ve kabinlerde manevra yapan personeli topra\u011fa kar\u015f\u0131 izole etmek i\u00e7in kullan\u0131l\u0131r.<\/p>\n<p>\u2756 Ayaklar\u0131 s\u00f6k\u00fclebilir tiptir. Kolayca monte edilebilir.<\/p>\n<p>\u2756 Sehpan\u0131n platformu ve ayaklar\u0131 tamamen yal\u0131tkan malzemeden imal edilmi\u015ftir. Ayr\u0131ca montaj\u0131nda hi\u00e7 bir iletken malzeme kullan\u0131lmam\u0131\u015ft\u0131r.<\/p>\n<p>\u2756 Sehpa \u00fczerine \u00e7\u0131k\u0131ld\u0131\u011f\u0131nda hi\u00e7bir \u015fekilde kayma yapmayacak \u015fekilde tasarlanm\u0131\u015ft\u0131r.<\/p>\n<div class=\"elementor-element elementor-element-46ebac07 elementor-widget elementor-widget-ct_heading\" data-id=\"46ebac07\" data-element_type=\"widget\" data-widget_type=\"ct_heading.default\">\n<div class=\"elementor-widget-container\">\n<div id=\"ct_heading-46ebac07\" class=\"ct-heading h-align-left item-line-title\">\n<div class=\"heading-wrapper\">\n<div class=\"inner-heading\"><\/div>\n<\/div>\n<\/div>\n<\/div>\n<\/div>\n<section class=\"elementor-section elementor-inner-section elementor-element elementor-element-5aa92ea9 elementor-section-boxed elementor-section-height-default elementor-section-height-default ct-header-fixed-none ct-column-none ct-row-scroll-none ct-row-gradient--none ct-row-container--default\" data-id=\"5aa92ea9\" data-element_type=\"section\">\n<div class=\"elementor-container elementor-column-gap-default\">\n<div class=\"elementor-column elementor-col-50 elementor-inner-column elementor-element elementor-element-4b625f9c ct-column-none col-offset-none\" data-id=\"4b625f9c\" data-element_type=\"column\">\n<div class=\"elementor-widget-wrap elementor-element-populated\">\n<div class=\"elementor-element elementor-element-784f146c elementor-widget elementor-widget-ct_list\" data-id=\"784f146c\" data-element_type=\"widget\" data-widget_type=\"ct_list.default\">\n<div class=\"elementor-widget-container\">\n<div class=\"ct-list block\">\n<div class=\"ct-list-item wow fadeInUp\">\n<div class=\"ct-list-content\"><\/div>\n<\/div>\n<\/div>\n<\/div>\n<\/div>\n<\/div>\n<\/div>\n<\/div>\n<\/section>","protected":false},"excerpt":{"rendered":"<ul>\n<li><label><strong>\u00dcr\u00fcn Kodu: <\/strong><\/label>\u0130zole Sehpa<\/li>\n<li><label><strong>Fiyat: <\/strong><\/label>Fiyat i\u00e7in l\u00fctfen ileti\u015fime ge\u00e7iniz.<\/li>\n<\/ul>","protected":false},"featured_media":40,"comment_status":"closed","ping_status":"closed","template":"","meta":[],"product_cat":[15],"product_tag":[],"class_list":{"0":"post-39","1":"product","2":"type-product","3":"status-publish","4":"has-post-thumbnail","6":"product_cat-is-guvenligi-ekipmanlari","8":"first","9":"instock","10":"shipping-taxable","11":"product-type-simple"},"_links":{"self":[{"href":"https:\/\/www.ayparsenerji.com.tr\/en\/wp-json\/wp\/v2\/product\/39","targetHints":{"allow":["GET"]}}],"collection":[{"href":"https:\/\/www.ayparsenerji.com.tr\/en\/wp-json\/wp\/v2\/product"}],"about":[{"href":"https:\/\/www.ayparsenerji.com.tr\/en\/wp-json\/wp\/v2\/types\/product"}],"replies":[{"embeddable":true,"href":"https:\/\/www.ayparsenerji.com.tr\/en\/wp-json\/wp\/v2\/comments?post=39"}],"wp:featuredmedia":[{"embeddable":true,"href":"https:\/\/www.ayparsenerji.com.tr\/en\/wp-json\/wp\/v2\/media\/40"}],"wp:attachment":[{"href":"https:\/\/www.ayparsenerji.com.tr\/en\/wp-json\/wp\/v2\/media?parent=39"}],"wp:term":[{"taxonomy":"product_cat","embeddable":true,"href":"https:\/\/www.ayparsenerji.com.tr\/en\/wp-json\/wp\/v2\/product_cat?post=39"},{"taxonomy":"product_tag","embeddable":true,"href":"https:\/\/www.ayparsenerji.com.tr\/en\/wp-json\/wp\/v2\/product_tag?post=39"}],"curies":[{"name":"wp","href":"https:\/\/api.w.org\/{rel}","templated":true}]}}