
{"id":37,"date":"2024-05-30T14:22:20","date_gmt":"2024-05-30T11:22:20","guid":{"rendered":"https:\/\/ayparsenerji.com.tr\/?post_type=product&#038;p=37"},"modified":"2024-05-30T14:22:20","modified_gmt":"2024-05-30T11:22:20","slug":"izole-hali","status":"publish","type":"product","link":"https:\/\/www.ayparsenerji.com.tr\/en\/product\/izole-hali\/","title":{"rendered":"\u0130zole Hal\u0131"},"content":{"rendered":"<p>&nbsp;<\/p>\n<p>\u0130zole Hal\u0131; elektrik ve enerji izolasyonundaki koruyucu malzemeler aras\u0131nda yer almaktad\u0131r. %100 koruma sa\u011flayan bu \u00fcr\u00fcnler kau\u00e7uk esasl\u0131 olarak \u00fcretilmektedir. \u00c7e\u015fitli ebat ve kal\u0131nl\u0131klarda \u00fcretimi yap\u0131lan izole hal\u0131lar 40.000 volt ak\u0131ma kadar koruyucu olmaktad\u0131r. Esnek, dayan\u0131kl\u0131, kaymaz, su ve neme dayan\u0131kl\u0131 yap\u0131dad\u0131r. Enleri 1 metre ve 0,8 metre olarak \u00fcretim yap\u0131labilmektedir.<\/p>\n<div class=\"elementor-element elementor-element-46ebac07 elementor-widget elementor-widget-ct_heading\" data-id=\"46ebac07\" data-element_type=\"widget\" data-widget_type=\"ct_heading.default\">\n<div class=\"elementor-widget-container\">\n<div id=\"ct_heading-46ebac07\" class=\"ct-heading h-align-left item-line-title\">\n<div class=\"heading-wrapper\">\n<div class=\"inner-heading\"><\/div>\n<\/div>\n<\/div>\n<\/div>\n<\/div>\n<section class=\"elementor-section elementor-inner-section elementor-element elementor-element-5aa92ea9 elementor-section-boxed elementor-section-height-default elementor-section-height-default ct-header-fixed-none ct-column-none ct-row-scroll-none ct-row-gradient--none ct-row-container--default\" data-id=\"5aa92ea9\" data-element_type=\"section\">\n<div class=\"elementor-container elementor-column-gap-default\">\n<div class=\"elementor-column elementor-col-50 elementor-inner-column elementor-element elementor-element-4b625f9c ct-column-none col-offset-none\" data-id=\"4b625f9c\" data-element_type=\"column\">\n<div class=\"elementor-widget-wrap elementor-element-populated\">\n<div class=\"elementor-element elementor-element-784f146c elementor-widget elementor-widget-ct_list\" data-id=\"784f146c\" data-element_type=\"widget\" data-widget_type=\"ct_list.default\">\n<div class=\"elementor-widget-container\">\n<div class=\"ct-list block\">\n<div class=\"ct-list-item wow fadeInUp\">\n<div class=\"ct-list-content\"><\/div>\n<\/div>\n<\/div>\n<\/div>\n<\/div>\n<\/div>\n<\/div>\n<\/div>\n<\/section>","protected":false},"excerpt":{"rendered":"<div>\n<div><\/div>\n<section class=\"elementor-section elementor-inner-section elementor-element elementor-element-5aa92ea9 elementor-section-boxed elementor-section-height-default elementor-section-height-default ct-header-fixed-none ct-column-none ct-row-scroll-none ct-row-gradient--none ct-row-container--default\" data-id=\"5aa92ea9\" data-element_type=\"section\">\n<div class=\"elementor-container elementor-column-gap-default\">\n<div class=\"elementor-column elementor-col-50 elementor-inner-column elementor-element elementor-element-4b625f9c ct-column-none col-offset-none\" data-id=\"4b625f9c\" data-element_type=\"column\">\n<div class=\"elementor-widget-wrap elementor-element-populated\">\n<div class=\"elementor-element elementor-element-784f146c elementor-widget elementor-widget-ct_list\" data-id=\"784f146c\" data-element_type=\"widget\" data-widget_type=\"ct_list.default\">\n<div class=\"elementor-widget-container\">\n<div>\n<ul>\n<li><label><strong>\u00dcr\u00fcn Kodu: <\/strong><\/label>\u0130zole Hal\u0131<\/li>\n<li><label><strong>Fiyat: <\/strong><\/label>Fiyat i\u00e7in l\u00fctfen ileti\u015fime ge\u00e7iniz.<\/li>\n<\/ul>\n<\/div>\n<\/div>\n<\/div>\n<\/div>\n<\/div>\n<\/div>\n<\/section>\n<\/div>","protected":false},"featured_media":38,"comment_status":"closed","ping_status":"closed","template":"","meta":[],"product_cat":[15],"product_tag":[],"class_list":{"0":"post-37","1":"product","2":"type-product","3":"status-publish","4":"has-post-thumbnail","6":"product_cat-is-guvenligi-ekipmanlari","8":"first","9":"instock","10":"shipping-taxable","11":"product-type-simple"},"_links":{"self":[{"href":"https:\/\/www.ayparsenerji.com.tr\/en\/wp-json\/wp\/v2\/product\/37","targetHints":{"allow":["GET"]}}],"collection":[{"href":"https:\/\/www.ayparsenerji.com.tr\/en\/wp-json\/wp\/v2\/product"}],"about":[{"href":"https:\/\/www.ayparsenerji.com.tr\/en\/wp-json\/wp\/v2\/types\/product"}],"replies":[{"embeddable":true,"href":"https:\/\/www.ayparsenerji.com.tr\/en\/wp-json\/wp\/v2\/comments?post=37"}],"wp:featuredmedia":[{"embeddable":true,"href":"https:\/\/www.ayparsenerji.com.tr\/en\/wp-json\/wp\/v2\/media\/38"}],"wp:attachment":[{"href":"https:\/\/www.ayparsenerji.com.tr\/en\/wp-json\/wp\/v2\/media?parent=37"}],"wp:term":[{"taxonomy":"product_cat","embeddable":true,"href":"https:\/\/www.ayparsenerji.com.tr\/en\/wp-json\/wp\/v2\/product_cat?post=37"},{"taxonomy":"product_tag","embeddable":true,"href":"https:\/\/www.ayparsenerji.com.tr\/en\/wp-json\/wp\/v2\/product_tag?post=37"}],"curies":[{"name":"wp","href":"https:\/\/api.w.org\/{rel}","templated":true}]}}