
{"id":33,"date":"2024-05-30T14:00:07","date_gmt":"2024-05-30T11:00:07","guid":{"rendered":"https:\/\/ayparsenerji.com.tr\/?post_type=product&#038;p=33"},"modified":"2024-05-30T14:21:47","modified_gmt":"2024-05-30T11:21:47","slug":"izole-eldiven","status":"publish","type":"product","link":"https:\/\/www.ayparsenerji.com.tr\/en\/product\/izole-eldiven\/","title":{"rendered":"\u0130zole Eldiven"},"content":{"rendered":"<p>&nbsp;<\/p>\n<p>Elektrikten koruyucu olan izole eldivenler i\u015f g\u00fcvenli\u011finin en \u00f6nemli koruyucu ekipmanlar\u0131 aras\u0131nda yer almaktad\u0131r. \u0130zole eldiven, 36 kV\u2019luk gerilimlerde manevralar yapan \u00e7al\u0131\u015fanlar\u0131n manevra s\u0131ras\u0131nda kulland\u0131klar\u0131 yal\u0131tkan eldivendir.<\/p>\n<div class=\"elementor-element elementor-element-46ebac07 elementor-widget elementor-widget-ct_heading\" data-id=\"46ebac07\" data-element_type=\"widget\" data-widget_type=\"ct_heading.default\">\n<div class=\"elementor-widget-container\">\n<div id=\"ct_heading-46ebac07\" class=\"ct-heading h-align-left item-line-title\">\n<div class=\"heading-wrapper\">\n<div class=\"inner-heading\"><\/div>\n<\/div>\n<\/div>\n<\/div>\n<\/div>\n<section class=\"elementor-section elementor-inner-section elementor-element elementor-element-5aa92ea9 elementor-section-boxed elementor-section-height-default elementor-section-height-default ct-header-fixed-none ct-column-none ct-row-scroll-none ct-row-gradient--none ct-row-container--default\" data-id=\"5aa92ea9\" data-element_type=\"section\">\n<div class=\"elementor-container elementor-column-gap-default\">\n<div class=\"elementor-column elementor-col-50 elementor-inner-column elementor-element elementor-element-4b625f9c ct-column-none col-offset-none\" data-id=\"4b625f9c\" data-element_type=\"column\">\n<div class=\"elementor-widget-wrap elementor-element-populated\">\n<div class=\"elementor-element elementor-element-784f146c elementor-widget elementor-widget-ct_list\" data-id=\"784f146c\" data-element_type=\"widget\" data-widget_type=\"ct_list.default\">\n<div class=\"elementor-widget-container\">\n<div class=\"ct-list block\">\n<div class=\"ct-list-item wow fadeInUp\">\n<div class=\"ct-list-content\"><\/div>\n<\/div>\n<\/div>\n<\/div>\n<\/div>\n<\/div>\n<\/div>\n<\/div>\n<\/section>","protected":false},"excerpt":{"rendered":"<div><\/div>\n<section class=\"elementor-section elementor-inner-section elementor-element elementor-element-5aa92ea9 elementor-section-boxed elementor-section-height-default elementor-section-height-default ct-header-fixed-none ct-column-none ct-row-scroll-none ct-row-gradient--none ct-row-container--default\" data-id=\"5aa92ea9\" data-element_type=\"section\">\n<div class=\"elementor-container elementor-column-gap-default\">\n<div class=\"elementor-column elementor-col-50 elementor-inner-column elementor-element elementor-element-4b625f9c ct-column-none col-offset-none\" data-id=\"4b625f9c\" data-element_type=\"column\">\n<div class=\"elementor-widget-wrap elementor-element-populated\">\n<div class=\"elementor-element elementor-element-784f146c elementor-widget elementor-widget-ct_list\" data-id=\"784f146c\" data-element_type=\"widget\" data-widget_type=\"ct_list.default\">\n<div class=\"elementor-widget-container\">\n<div>\n<ul>\n<li><label><strong>\u00dcr\u00fcn Kodu: <\/strong><\/label>\u0130zole Eldiven<\/li>\n<li><label><strong>Fiyat: <\/strong><\/label>Fiyat i\u00e7in l\u00fctfen ileti\u015fime ge\u00e7iniz.<\/li>\n<\/ul>\n<p><strong>\u0130zole Eldiven \u00c7e\u015fitleri<\/strong><\/p>\n<section class=\"elementor-section elementor-inner-section elementor-element elementor-element-5aa92ea9 elementor-section-boxed elementor-section-height-default elementor-section-height-default ct-header-fixed-none ct-column-none ct-row-scroll-none ct-row-gradient--none ct-row-container--default\" data-id=\"5aa92ea9\" data-element_type=\"section\">\n<div class=\"elementor-container elementor-column-gap-default\">\n<div class=\"elementor-column elementor-col-50 elementor-inner-column elementor-element elementor-element-21062be6 ct-column-none col-offset-none\" data-id=\"21062be6\" data-element_type=\"column\">\n<div class=\"elementor-widget-wrap elementor-element-populated\">\n<div class=\"elementor-element elementor-element-834e405 elementor-widget elementor-widget-ct_list\" data-id=\"834e405\" data-element_type=\"widget\" data-widget_type=\"ct_list.default\">\n<div class=\"elementor-widget-container\">\n<div class=\"ct-list block\">\n<div class=\"ct-list-item wow fadeInUp animated\">\n<div class=\"ct-list-icon\"><\/div>\n<div class=\"ct-list-content\">\u2756 Class 00: 500 V AC<\/div>\n<\/div>\n<div class=\"ct-list-item wow fadeInUp animated\">\n<div class=\"ct-list-icon\"><\/div>\n<div class=\"ct-list-content\">\u2756 Class 0: 1.000 V AC<\/div>\n<\/div>\n<div class=\"ct-list-item wow fadeInUp animated\">\n<div class=\"ct-list-icon\"><\/div>\n<div class=\"ct-list-content\">\u2756 Class 1: 7.500 V AC<\/div>\n<\/div>\n<\/div>\n<\/div>\n<\/div>\n<\/div>\n<\/div>\n<div class=\"elementor-column elementor-col-50 elementor-inner-column elementor-element elementor-element-4b625f9c ct-column-none col-offset-none\" data-id=\"4b625f9c\" data-element_type=\"column\">\n<div class=\"elementor-widget-wrap elementor-element-populated\">\n<div class=\"elementor-element elementor-element-784f146c elementor-widget elementor-widget-ct_list\" data-id=\"784f146c\" data-element_type=\"widget\" data-widget_type=\"ct_list.default\">\n<div class=\"elementor-widget-container\">\n<div class=\"ct-list block\">\n<div class=\"ct-list-item wow fadeInUp animated\">\n<div class=\"ct-list-icon\"><\/div>\n<div class=\"ct-list-content\">\u2756 Class 2: 17.000 V AC<\/div>\n<\/div>\n<div class=\"ct-list-item wow fadeInUp animated\">\n<div class=\"ct-list-icon\"><\/div>\n<div class=\"ct-list-content\">\u2756 Class 3: 26.500 V AC<\/div>\n<\/div>\n<div class=\"ct-list-item wow fadeInUp animated\">\n<div class=\"ct-list-icon\"><\/div>\n<div class=\"ct-list-content\">\u2756 Class 4: 36.000 V AC<\/div>\n<\/div>\n<\/div>\n<\/div>\n<\/div>\n<\/div>\n<\/div>\n<\/div>\n<\/section>\n<\/div>\n<\/div>\n<\/div>\n<\/div>\n<\/div>\n<\/div>\n<\/section>\n<section class=\"elementor-section elementor-inner-section elementor-element elementor-element-5aa92ea9 elementor-section-boxed elementor-section-height-default elementor-section-height-default ct-header-fixed-none ct-column-none ct-row-scroll-none ct-row-gradient--none ct-row-container--default\" data-id=\"5aa92ea9\" data-element_type=\"section\">\n<div class=\"elementor-container elementor-column-gap-default\">\n<div class=\"elementor-column elementor-col-50 elementor-inner-column elementor-element elementor-element-4b625f9c ct-column-none col-offset-none\" data-id=\"4b625f9c\" data-element_type=\"column\">\n<div class=\"elementor-widget-wrap elementor-element-populated\">\n<div class=\"elementor-element elementor-element-784f146c elementor-widget elementor-widget-ct_list\" data-id=\"784f146c\" data-element_type=\"widget\" data-widget_type=\"ct_list.default\">\n<div class=\"elementor-widget-container\">\n<div class=\"ct-list block\"><\/div>\n<\/div>\n<\/div>\n<\/div>\n<\/div>\n<\/div>\n<\/section>","protected":false},"featured_media":34,"comment_status":"closed","ping_status":"closed","template":"","meta":[],"product_cat":[15],"product_tag":[],"class_list":{"0":"post-33","1":"product","2":"type-product","3":"status-publish","4":"has-post-thumbnail","6":"product_cat-is-guvenligi-ekipmanlari","8":"first","9":"instock","10":"shipping-taxable","11":"product-type-simple"},"_links":{"self":[{"href":"https:\/\/www.ayparsenerji.com.tr\/en\/wp-json\/wp\/v2\/product\/33","targetHints":{"allow":["GET"]}}],"collection":[{"href":"https:\/\/www.ayparsenerji.com.tr\/en\/wp-json\/wp\/v2\/product"}],"about":[{"href":"https:\/\/www.ayparsenerji.com.tr\/en\/wp-json\/wp\/v2\/types\/product"}],"replies":[{"embeddable":true,"href":"https:\/\/www.ayparsenerji.com.tr\/en\/wp-json\/wp\/v2\/comments?post=33"}],"wp:featuredmedia":[{"embeddable":true,"href":"https:\/\/www.ayparsenerji.com.tr\/en\/wp-json\/wp\/v2\/media\/34"}],"wp:attachment":[{"href":"https:\/\/www.ayparsenerji.com.tr\/en\/wp-json\/wp\/v2\/media?parent=33"}],"wp:term":[{"taxonomy":"product_cat","embeddable":true,"href":"https:\/\/www.ayparsenerji.com.tr\/en\/wp-json\/wp\/v2\/product_cat?post=33"},{"taxonomy":"product_tag","embeddable":true,"href":"https:\/\/www.ayparsenerji.com.tr\/en\/wp-json\/wp\/v2\/product_tag?post=33"}],"curies":[{"name":"wp","href":"https:\/\/api.w.org\/{rel}","templated":true}]}}