
{"id":262,"date":"2024-06-04T10:40:21","date_gmt":"2024-06-04T07:40:21","guid":{"rendered":"https:\/\/www.ayparsenerji.com.tr\/?post_type=product&#038;p=262"},"modified":"2024-06-04T14:48:37","modified_gmt":"2024-06-04T11:48:37","slug":"bakimsiz-aku-redresor","status":"publish","type":"product","link":"https:\/\/www.ayparsenerji.com.tr\/en\/product\/bakimsiz-aku-redresor\/","title":{"rendered":"Bak\u0131ms\u0131z Ak\u00fc Redres\u00f6r"},"content":{"rendered":"<p><strong>\u00dcr\u00fcn hakk\u0131nda ayr\u0131nt\u0131l\u0131 bilgi almak i\u00e7in bizimle ileti\u015fime ge\u00e7iniz.<\/strong><\/p>","protected":false},"excerpt":{"rendered":"<p>Redres\u00f6r ve Ak\u00fc Grubu, y\u00fcksek g\u00fc\u00e7te ak\u00fc \u015farj redres\u00f6r\u00fc ve ak\u00fc grubu kullanman\u0131n ekonomik ve pratik olmad\u0131\u011f\u0131 k\u00fc\u00e7\u00fck trafo merkezleri,<\/p>\n<p>K\u00f6\u015fk, g\u00fcvenlik sistemlerinin beslemesi, acil ayd\u0131nlatma vb. sistemlerde DC yard\u0131mc\u0131 gerilim ihtiyac\u0131n\u0131 sa\u011flamak amac\u0131yla kullan\u0131l\u0131r.<\/p>\n<p>Cihaz mikroi\u015flemci kontrol\u00fc olarak tasarlanm\u0131\u015f ve \u00fcretilmektedir.<\/p>","protected":false},"featured_media":263,"comment_status":"closed","ping_status":"closed","template":"","meta":[],"product_cat":[22],"product_tag":[],"class_list":{"0":"post-262","1":"product","2":"type-product","3":"status-publish","4":"has-post-thumbnail","6":"product_cat-yg-anahtarlama-urunleri","8":"first","9":"instock","10":"shipping-taxable","11":"product-type-simple"},"_links":{"self":[{"href":"https:\/\/www.ayparsenerji.com.tr\/en\/wp-json\/wp\/v2\/product\/262","targetHints":{"allow":["GET"]}}],"collection":[{"href":"https:\/\/www.ayparsenerji.com.tr\/en\/wp-json\/wp\/v2\/product"}],"about":[{"href":"https:\/\/www.ayparsenerji.com.tr\/en\/wp-json\/wp\/v2\/types\/product"}],"replies":[{"embeddable":true,"href":"https:\/\/www.ayparsenerji.com.tr\/en\/wp-json\/wp\/v2\/comments?post=262"}],"wp:featuredmedia":[{"embeddable":true,"href":"https:\/\/www.ayparsenerji.com.tr\/en\/wp-json\/wp\/v2\/media\/263"}],"wp:attachment":[{"href":"https:\/\/www.ayparsenerji.com.tr\/en\/wp-json\/wp\/v2\/media?parent=262"}],"wp:term":[{"taxonomy":"product_cat","embeddable":true,"href":"https:\/\/www.ayparsenerji.com.tr\/en\/wp-json\/wp\/v2\/product_cat?post=262"},{"taxonomy":"product_tag","embeddable":true,"href":"https:\/\/www.ayparsenerji.com.tr\/en\/wp-json\/wp\/v2\/product_tag?post=262"}],"curies":[{"name":"wp","href":"https:\/\/api.w.org\/{rel}","templated":true}]}}