
{"id":258,"date":"2024-06-04T13:29:30","date_gmt":"2024-06-04T10:29:30","guid":{"rendered":"https:\/\/www.ayparsenerji.com.tr\/?post_type=product&#038;p=258"},"modified":"2024-06-04T14:40:08","modified_gmt":"2024-06-04T11:40:08","slug":"dr-hat-klemensler","status":"publish","type":"product","link":"https:\/\/www.ayparsenerji.com.tr\/en\/product\/dr-hat-klemensler\/","title":{"rendered":"Hat Klemensler"},"content":{"rendered":"<p><strong>\u00dcr\u00fcn hakk\u0131nda ayr\u0131nt\u0131l\u0131 bilgi almak i\u00e7in bizimle ileti\u015fime ge\u00e7iniz.<\/strong><\/p>","protected":false},"excerpt":{"rendered":"<p>Aypars Enerji&#8217;nin DR Hat Klemensleri, elektrik da\u011f\u0131t\u0131m hatlar\u0131nda g\u00fcvenli ve sa\u011flam ba\u011flant\u0131lar sa\u011flamak i\u00e7in \u00f6zel olarak tasarlanm\u0131\u015f y\u00fcksek kaliteli \u00fcr\u00fcnlerdir. DR hat klemensleri, da\u011f\u0131t\u0131m hatlar\u0131 \u00fczerindeki bak\u0131r veya al\u00fcminyum iletkenleri g\u00fcvenli bir \u015fekilde birle\u015ftirmek ve izole etmek i\u00e7in kullan\u0131l\u0131r.<\/p>\n<p>Bu klemensler, elektrik da\u011f\u0131t\u0131m hatlar\u0131n\u0131n g\u00fcvenilirli\u011fini art\u0131rmak ve enerji iletiminde kay\u0131plar\u0131 minimize etmek i\u00e7in \u00f6nemlidir. G\u00fc\u00e7 hatlar\u0131ndaki kesintileri en aza indirmek i\u00e7in, klemenslerin y\u00fcksek kaliteli malzemelerden \u00fcretilmi\u015f ve s\u0131k\u0131 kalite kontrol s\u00fcre\u00e7lerinden ge\u00e7mi\u015f olmalar\u0131 \u00f6nemlidir.<\/p>\n<p>&nbsp;<\/p>","protected":false},"featured_media":259,"comment_status":"closed","ping_status":"closed","template":"","meta":[],"product_cat":[20],"product_tag":[],"class_list":{"0":"post-258","1":"product","2":"type-product","3":"status-publish","4":"has-post-thumbnail","6":"product_cat-topraklama-urunleri","8":"first","9":"instock","10":"shipping-taxable","11":"product-type-simple"},"_links":{"self":[{"href":"https:\/\/www.ayparsenerji.com.tr\/en\/wp-json\/wp\/v2\/product\/258","targetHints":{"allow":["GET"]}}],"collection":[{"href":"https:\/\/www.ayparsenerji.com.tr\/en\/wp-json\/wp\/v2\/product"}],"about":[{"href":"https:\/\/www.ayparsenerji.com.tr\/en\/wp-json\/wp\/v2\/types\/product"}],"replies":[{"embeddable":true,"href":"https:\/\/www.ayparsenerji.com.tr\/en\/wp-json\/wp\/v2\/comments?post=258"}],"wp:featuredmedia":[{"embeddable":true,"href":"https:\/\/www.ayparsenerji.com.tr\/en\/wp-json\/wp\/v2\/media\/259"}],"wp:attachment":[{"href":"https:\/\/www.ayparsenerji.com.tr\/en\/wp-json\/wp\/v2\/media?parent=258"}],"wp:term":[{"taxonomy":"product_cat","embeddable":true,"href":"https:\/\/www.ayparsenerji.com.tr\/en\/wp-json\/wp\/v2\/product_cat?post=258"},{"taxonomy":"product_tag","embeddable":true,"href":"https:\/\/www.ayparsenerji.com.tr\/en\/wp-json\/wp\/v2\/product_tag?post=258"}],"curies":[{"name":"wp","href":"https:\/\/api.w.org\/{rel}","templated":true}]}}