
{"id":256,"date":"2024-06-04T13:41:58","date_gmt":"2024-06-04T10:41:58","guid":{"rendered":"https:\/\/www.ayparsenerji.com.tr\/?post_type=product&#038;p=256"},"modified":"2024-06-04T13:41:59","modified_gmt":"2024-06-04T10:41:59","slug":"bakir-iletkenler","status":"publish","type":"product","link":"https:\/\/www.ayparsenerji.com.tr\/en\/product\/bakir-iletkenler\/","title":{"rendered":"Bak\u0131r \u0130letkenler"},"content":{"rendered":"<p><strong>\u00dcr\u00fcn hakk\u0131nda ayr\u0131nt\u0131l\u0131 bilgi almak i\u00e7in bizimle ileti\u015fime ge\u00e7iniz.<\/strong><\/p>","protected":false},"excerpt":{"rendered":"<p>Aypars Enerji&#8217;nin bak\u0131r iletkenleri, elektrik enerjisinin iletimi ve da\u011f\u0131t\u0131m\u0131 i\u00e7in g\u00fcvenilir ve y\u00fcksek kaliteli bir \u00e7\u00f6z\u00fcm sunar. Bak\u0131r, elektrik iletkenli\u011fi a\u00e7\u0131s\u0131ndan m\u00fckemmel bir malzemedir ve bu nedenle iletkelerin yap\u0131m\u0131nda yayg\u0131n olarak tercih edilir. Ayr\u0131ca, bak\u0131r\u0131n y\u00fcksek iletkenlik \u00f6zellikleri, enerji kay\u0131plar\u0131n\u0131 minimize eder ve enerjinin daha verimli bir \u015fekilde iletilmesini sa\u011flar.<\/p>\n<p>\u00c7e\u015fitli boyutlarda ve tiplerde sunulan Aypars Enerji bak\u0131r iletkenleri, \u00e7e\u015fitli elektrik uygulamalar\u0131na uygun \u00e7\u00f6z\u00fcmler sunar. Ayr\u0131ca, \u00e7e\u015fitli \u00e7evresel ko\u015fullara dayan\u0131kl\u0131 olacak \u015fekilde tasarlanm\u0131\u015flard\u0131r, bu da g\u00fcvenilir bir performans\u0131n yan\u0131 s\u0131ra uzun s\u00fcreli kullan\u0131m sa\u011flar.<\/p>\n<p>&nbsp;<\/p>\n<p>&nbsp;<\/p>","protected":false},"featured_media":257,"comment_status":"closed","ping_status":"closed","template":"","meta":[],"product_cat":[20],"product_tag":[],"class_list":{"0":"post-256","1":"product","2":"type-product","3":"status-publish","4":"has-post-thumbnail","6":"product_cat-topraklama-urunleri","8":"first","9":"instock","10":"shipping-taxable","11":"product-type-simple"},"_links":{"self":[{"href":"https:\/\/www.ayparsenerji.com.tr\/en\/wp-json\/wp\/v2\/product\/256","targetHints":{"allow":["GET"]}}],"collection":[{"href":"https:\/\/www.ayparsenerji.com.tr\/en\/wp-json\/wp\/v2\/product"}],"about":[{"href":"https:\/\/www.ayparsenerji.com.tr\/en\/wp-json\/wp\/v2\/types\/product"}],"replies":[{"embeddable":true,"href":"https:\/\/www.ayparsenerji.com.tr\/en\/wp-json\/wp\/v2\/comments?post=256"}],"wp:featuredmedia":[{"embeddable":true,"href":"https:\/\/www.ayparsenerji.com.tr\/en\/wp-json\/wp\/v2\/media\/257"}],"wp:attachment":[{"href":"https:\/\/www.ayparsenerji.com.tr\/en\/wp-json\/wp\/v2\/media?parent=256"}],"wp:term":[{"taxonomy":"product_cat","embeddable":true,"href":"https:\/\/www.ayparsenerji.com.tr\/en\/wp-json\/wp\/v2\/product_cat?post=256"},{"taxonomy":"product_tag","embeddable":true,"href":"https:\/\/www.ayparsenerji.com.tr\/en\/wp-json\/wp\/v2\/product_tag?post=256"}],"curies":[{"name":"wp","href":"https:\/\/api.w.org\/{rel}","templated":true}]}}