
{"id":254,"date":"2024-06-04T13:37:04","date_gmt":"2024-06-04T10:37:04","guid":{"rendered":"https:\/\/www.ayparsenerji.com.tr\/?post_type=product&#038;p=254"},"modified":"2024-06-04T13:37:04","modified_gmt":"2024-06-04T10:37:04","slug":"bakir-klemens-ve-basliklari","status":"publish","type":"product","link":"https:\/\/www.ayparsenerji.com.tr\/en\/product\/bakir-klemens-ve-basliklari\/","title":{"rendered":"Bak\u0131r Klemens ve Ba\u015fl\u0131klar\u0131"},"content":{"rendered":"<p>Aypars Enerji&#8217;nin bak\u0131r klemens ve ba\u015fl\u0131klar\u0131, dayan\u0131kl\u0131 ve uzun \u00f6m\u00fcrl\u00fc malzemelerden \u00fcretilmi\u015ftir. Paslanmaz \u00e7elik veya \u00f6zel kaplamal\u0131 bak\u0131r gibi malzemeler kullan\u0131larak yap\u0131lm\u0131\u015f olabilirler, bu da \u00e7evresel etkilere kar\u015f\u0131 diren\u00e7li olduklar\u0131 anlam\u0131na gelir. Ayr\u0131ca, farkl\u0131 boyutlarda ve tiplerde sunulurlar, b\u00f6ylece \u00e7e\u015fitli elektrik ba\u011flant\u0131 ihtiya\u00e7lar\u0131na uygun \u00e7\u00f6z\u00fcmler sa\u011flanabilir.<\/p>\n<p>&nbsp;<\/p>","protected":false},"excerpt":{"rendered":"<p>Aypars Enerji&#8217;nin bak\u0131r klemens ve ba\u015fl\u0131klar\u0131, elektrik ba\u011flant\u0131lar\u0131nda g\u00fcvenilir ve etkili bir \u00e7\u00f6z\u00fcm sunmak i\u00e7in tasarlanm\u0131\u015f y\u00fcksek kaliteli \u00fcr\u00fcnlerdir. Elektrik tesislerinde kritik \u00f6neme sahip olan bu par\u00e7alar, g\u00fc\u00e7 iletimi ve da\u011f\u0131t\u0131m\u0131 s\u00fcre\u00e7lerinde kullan\u0131l\u0131r.<\/p>\n<p>Bak\u0131r, elektrik iletkenli\u011fi a\u00e7\u0131s\u0131ndan m\u00fckemmel bir malzemedir ve bu nedenle klemens ve ba\u015fl\u0131klar\u0131n yap\u0131m\u0131nda tercih edilir. Bak\u0131r\u0131n y\u00fcksek iletkenlik \u00f6zellikleri, elektrik ba\u011flant\u0131lar\u0131n\u0131n d\u00fc\u015f\u00fck diren\u00e7li ve g\u00fcvenilir olmas\u0131n\u0131 sa\u011flar, b\u00f6ylece enerji kay\u0131plar\u0131 minimuma indirilir.<\/p>\n<p>&nbsp;<\/p>","protected":false},"featured_media":255,"comment_status":"closed","ping_status":"closed","template":"","meta":[],"product_cat":[20],"product_tag":[],"class_list":{"0":"post-254","1":"product","2":"type-product","3":"status-publish","4":"has-post-thumbnail","6":"product_cat-topraklama-urunleri","8":"first","9":"instock","10":"shipping-taxable","11":"product-type-simple"},"_links":{"self":[{"href":"https:\/\/www.ayparsenerji.com.tr\/en\/wp-json\/wp\/v2\/product\/254","targetHints":{"allow":["GET"]}}],"collection":[{"href":"https:\/\/www.ayparsenerji.com.tr\/en\/wp-json\/wp\/v2\/product"}],"about":[{"href":"https:\/\/www.ayparsenerji.com.tr\/en\/wp-json\/wp\/v2\/types\/product"}],"replies":[{"embeddable":true,"href":"https:\/\/www.ayparsenerji.com.tr\/en\/wp-json\/wp\/v2\/comments?post=254"}],"wp:featuredmedia":[{"embeddable":true,"href":"https:\/\/www.ayparsenerji.com.tr\/en\/wp-json\/wp\/v2\/media\/255"}],"wp:attachment":[{"href":"https:\/\/www.ayparsenerji.com.tr\/en\/wp-json\/wp\/v2\/media?parent=254"}],"wp:term":[{"taxonomy":"product_cat","embeddable":true,"href":"https:\/\/www.ayparsenerji.com.tr\/en\/wp-json\/wp\/v2\/product_cat?post=254"},{"taxonomy":"product_tag","embeddable":true,"href":"https:\/\/www.ayparsenerji.com.tr\/en\/wp-json\/wp\/v2\/product_tag?post=254"}],"curies":[{"name":"wp","href":"https:\/\/api.w.org\/{rel}","templated":true}]}}