
{"id":252,"date":"2024-06-04T13:30:40","date_gmt":"2024-06-04T10:30:40","guid":{"rendered":"https:\/\/www.ayparsenerji.com.tr\/?post_type=product&#038;p=252"},"modified":"2024-06-04T13:30:40","modified_gmt":"2024-06-04T10:30:40","slug":"bakir-topraklama-cubuklari","status":"publish","type":"product","link":"https:\/\/www.ayparsenerji.com.tr\/en\/product\/bakir-topraklama-cubuklari\/","title":{"rendered":"Bak\u0131r Topraklama \u00c7ubuklar\u0131"},"content":{"rendered":"<p>Aypars Enerji&#8217;nin bak\u0131r topraklama \u00e7ubuklar\u0131, dayan\u0131kl\u0131 ve uzun \u00f6m\u00fcrl\u00fc malzemelerden \u00fcretilmi\u015ftir. Paslanmaz \u00e7elikten veya \u00f6zel kaplamal\u0131 bak\u0131rdan yap\u0131lm\u0131\u015f olabilirler, bu da \u00e7evresel ko\u015fullara dayan\u0131kl\u0131 olduklar\u0131 anlam\u0131na gelir. Ayr\u0131ca, farkl\u0131 boyutlarda ve \u015fekillerde sunulurlar, b\u00f6ylece \u00e7e\u015fitli tesislerin ihtiya\u00e7lar\u0131na uygun \u00e7\u00f6z\u00fcmler sa\u011flanabilir.<\/p>\n<p>&nbsp;<\/p>","protected":false},"excerpt":{"rendered":"<p>Aypars Enerji&#8217;nin bak\u0131r topraklama \u00e7ubuklar\u0131, elektrik tesislerinde g\u00fcvenli topraklama sa\u011flamak i\u00e7in tasarlanm\u0131\u015f y\u00fcksek kaliteli \u00fcr\u00fcnlerdir. Elektrik sistemlerindeki y\u00fcksek gerilimli ekipmanlar\u0131n g\u00fcvenli\u011fini sa\u011flamak i\u00e7in topraklama sistemleri \u00f6nemlidir ve bak\u0131r topraklama \u00e7ubuklar\u0131 bu sistemlerin temel bile\u015fenlerindendir.<\/p>\n<p>Bu \u00e7ubuklar, y\u00fcksek iletkenlik \u00f6zellikleri nedeniyle tercih edilirler. Bak\u0131r, elektrik iletkenli\u011fi a\u00e7\u0131s\u0131ndan m\u00fckemmel bir malzemedir ve topraklama i\u015fleminde d\u00fc\u015f\u00fck diren\u00e7 sa\u011flar, b\u00f6ylece elektrik ak\u0131m\u0131n\u0131n g\u00fcvenli bir \u015fekilde topra\u011fa iletilmesini sa\u011flar.<\/p>\n<p>&nbsp;<\/p>","protected":false},"featured_media":253,"comment_status":"closed","ping_status":"closed","template":"","meta":[],"product_cat":[20],"product_tag":[],"class_list":{"0":"post-252","1":"product","2":"type-product","3":"status-publish","4":"has-post-thumbnail","6":"product_cat-topraklama-urunleri","8":"first","9":"instock","10":"shipping-taxable","11":"product-type-simple"},"_links":{"self":[{"href":"https:\/\/www.ayparsenerji.com.tr\/en\/wp-json\/wp\/v2\/product\/252","targetHints":{"allow":["GET"]}}],"collection":[{"href":"https:\/\/www.ayparsenerji.com.tr\/en\/wp-json\/wp\/v2\/product"}],"about":[{"href":"https:\/\/www.ayparsenerji.com.tr\/en\/wp-json\/wp\/v2\/types\/product"}],"replies":[{"embeddable":true,"href":"https:\/\/www.ayparsenerji.com.tr\/en\/wp-json\/wp\/v2\/comments?post=252"}],"wp:featuredmedia":[{"embeddable":true,"href":"https:\/\/www.ayparsenerji.com.tr\/en\/wp-json\/wp\/v2\/media\/253"}],"wp:attachment":[{"href":"https:\/\/www.ayparsenerji.com.tr\/en\/wp-json\/wp\/v2\/media?parent=252"}],"wp:term":[{"taxonomy":"product_cat","embeddable":true,"href":"https:\/\/www.ayparsenerji.com.tr\/en\/wp-json\/wp\/v2\/product_cat?post=252"},{"taxonomy":"product_tag","embeddable":true,"href":"https:\/\/www.ayparsenerji.com.tr\/en\/wp-json\/wp\/v2\/product_tag?post=252"}],"curies":[{"name":"wp","href":"https:\/\/api.w.org\/{rel}","templated":true}]}}