
{"id":250,"date":"2024-06-04T13:27:39","date_gmt":"2024-06-04T10:27:39","guid":{"rendered":"https:\/\/www.ayparsenerji.com.tr\/?post_type=product&#038;p=250"},"modified":"2024-06-04T13:27:39","modified_gmt":"2024-06-04T10:27:39","slug":"yuksek-gerilim-xlpe-kablolar","status":"publish","type":"product","link":"https:\/\/www.ayparsenerji.com.tr\/en\/product\/yuksek-gerilim-xlpe-kablolar\/","title":{"rendered":"Y\u00fcksek Gerilim XLPE Kablolar"},"content":{"rendered":"<p><strong>\u00dcr\u00fcn hakk\u0131nda ayr\u0131nt\u0131l\u0131 bilgi almak i\u00e7in bizimle ileti\u015fime ge\u00e7iniz.<\/strong><\/p>","protected":false},"excerpt":{"rendered":"<p>Aypars Enerji&#8217;nin y\u00fcksek gerilim XLPE (\u00c7apraz Ba\u011fl\u0131 Polietilen) kablolama \u00e7\u00f6z\u00fcmleri, enerji iletiminde y\u00fcksek performans ve g\u00fcvenilirlik sa\u011flamak i\u00e7in tasarlanm\u0131\u015ft\u0131r. XLPE kablolama teknolojisi, y\u00fcksek gerilim uygulamalar\u0131nda yayg\u0131n olarak kullan\u0131lan bir y\u00f6ntemdir ve Aypars&#8217;\u0131n bu alandaki uzmanl\u0131\u011f\u0131, end\u00fcstri standard\u0131n\u0131n \u00f6tesine ge\u00e7en \u00e7\u00f6z\u00fcmler sunmas\u0131n\u0131 sa\u011flar.<\/p>\n<p>Bu XLPE kablolama \u00e7\u00f6z\u00fcmleri, genellikle elektrik iletim hatlar\u0131 ve alt istasyon ba\u011flant\u0131lar\u0131 gibi b\u00fcy\u00fck \u00f6l\u00e7ekli g\u00fc\u00e7 iletim projelerinde kullan\u0131l\u0131r. XLPE&#8217;nin termal ve mekanik dayan\u0131kl\u0131l\u0131\u011f\u0131, uzun s\u00fcreli g\u00fcvenilir performans sa\u011flar ve \u00e7e\u015fitli hava ko\u015fullar\u0131na dayan\u0131kl\u0131d\u0131r.<\/p>\n<p>&nbsp;<\/p>\n<p>&nbsp;<\/p>","protected":false},"featured_media":251,"comment_status":"closed","ping_status":"closed","template":"","meta":[],"product_cat":[19],"product_tag":[],"class_list":{"0":"post-250","1":"product","2":"type-product","3":"status-publish","4":"has-post-thumbnail","6":"product_cat-kablolar","8":"first","9":"instock","10":"shipping-taxable","11":"product-type-simple"},"_links":{"self":[{"href":"https:\/\/www.ayparsenerji.com.tr\/en\/wp-json\/wp\/v2\/product\/250","targetHints":{"allow":["GET"]}}],"collection":[{"href":"https:\/\/www.ayparsenerji.com.tr\/en\/wp-json\/wp\/v2\/product"}],"about":[{"href":"https:\/\/www.ayparsenerji.com.tr\/en\/wp-json\/wp\/v2\/types\/product"}],"replies":[{"embeddable":true,"href":"https:\/\/www.ayparsenerji.com.tr\/en\/wp-json\/wp\/v2\/comments?post=250"}],"wp:featuredmedia":[{"embeddable":true,"href":"https:\/\/www.ayparsenerji.com.tr\/en\/wp-json\/wp\/v2\/media\/251"}],"wp:attachment":[{"href":"https:\/\/www.ayparsenerji.com.tr\/en\/wp-json\/wp\/v2\/media?parent=250"}],"wp:term":[{"taxonomy":"product_cat","embeddable":true,"href":"https:\/\/www.ayparsenerji.com.tr\/en\/wp-json\/wp\/v2\/product_cat?post=250"},{"taxonomy":"product_tag","embeddable":true,"href":"https:\/\/www.ayparsenerji.com.tr\/en\/wp-json\/wp\/v2\/product_tag?post=250"}],"curies":[{"name":"wp","href":"https:\/\/api.w.org\/{rel}","templated":true}]}}