
{"id":248,"date":"2024-06-04T13:24:32","date_gmt":"2024-06-04T10:24:32","guid":{"rendered":"https:\/\/www.ayparsenerji.com.tr\/?post_type=product&#038;p=248"},"modified":"2024-06-04T13:24:32","modified_gmt":"2024-06-04T10:24:32","slug":"kablo-ekipmanlari","status":"publish","type":"product","link":"https:\/\/www.ayparsenerji.com.tr\/en\/product\/kablo-ekipmanlari\/","title":{"rendered":"Kablo Ekipmanlar\u0131"},"content":{"rendered":"<p>Aypars&#8217;\u0131n \u00fcr\u00fcn yelpazesi, end\u00fcstride g\u00fcvenilirli\u011fi ve kaliteyi simgeler. Y\u00fcksek kaliteli malzemeler kullan\u0131larak \u00fcretilen kablo ekipmanlar\u0131, enerji iletiminde g\u00fcvenilir bir performans sa\u011flar ve uzun \u00f6m\u00fcrl\u00fcd\u00fcr. Bu, enerji \u015febekelerinin g\u00fcvenilirli\u011fi ve dayan\u0131kl\u0131l\u0131\u011f\u0131 i\u00e7in kritik \u00f6neme sahiptir.<\/p>\n<p>Ayr\u0131ca, Aypars Enerji&#8217;nin m\u00fc\u015fteri odakl\u0131 yakla\u015f\u0131m\u0131, m\u00fc\u015fterilerin ihtiya\u00e7lar\u0131na \u00f6zel \u00e7\u00f6z\u00fcmler sunarak fark yarat\u0131r. Uzman ekip, m\u00fc\u015fterilerin projelerine \u00f6zel gereksinimleri anlamak ve en uygun \u00e7\u00f6z\u00fcmleri sunmak i\u00e7in \u00e7al\u0131\u015f\u0131r.<\/p>","protected":false},"excerpt":{"rendered":"<p>Aypars Enerji, enerji iletim ve da\u011f\u0131t\u0131m\u0131 i\u00e7in gerekli olan kablo ekipmanlar\u0131 konusunda uzmanla\u015fm\u0131\u015f bir \u015firkettir. Elektrik iletim hatlar\u0131, alt ve orta gerilim kablolar\u0131, transformat\u00f6rler ve di\u011fer enerji iletim ekipmanlar\u0131 gibi \u00e7e\u015fitli \u00fcr\u00fcnler sunarlar.<\/p>\n<p>&nbsp;<\/p>","protected":false},"featured_media":249,"comment_status":"closed","ping_status":"closed","template":"","meta":[],"product_cat":[18],"product_tag":[],"class_list":{"0":"post-248","1":"product","2":"type-product","3":"status-publish","4":"has-post-thumbnail","6":"product_cat-kablo-aksesuarlari","8":"first","9":"instock","10":"shipping-taxable","11":"product-type-simple"},"_links":{"self":[{"href":"https:\/\/www.ayparsenerji.com.tr\/en\/wp-json\/wp\/v2\/product\/248","targetHints":{"allow":["GET"]}}],"collection":[{"href":"https:\/\/www.ayparsenerji.com.tr\/en\/wp-json\/wp\/v2\/product"}],"about":[{"href":"https:\/\/www.ayparsenerji.com.tr\/en\/wp-json\/wp\/v2\/types\/product"}],"replies":[{"embeddable":true,"href":"https:\/\/www.ayparsenerji.com.tr\/en\/wp-json\/wp\/v2\/comments?post=248"}],"wp:featuredmedia":[{"embeddable":true,"href":"https:\/\/www.ayparsenerji.com.tr\/en\/wp-json\/wp\/v2\/media\/249"}],"wp:attachment":[{"href":"https:\/\/www.ayparsenerji.com.tr\/en\/wp-json\/wp\/v2\/media?parent=248"}],"wp:term":[{"taxonomy":"product_cat","embeddable":true,"href":"https:\/\/www.ayparsenerji.com.tr\/en\/wp-json\/wp\/v2\/product_cat?post=248"},{"taxonomy":"product_tag","embeddable":true,"href":"https:\/\/www.ayparsenerji.com.tr\/en\/wp-json\/wp\/v2\/product_tag?post=248"}],"curies":[{"name":"wp","href":"https:\/\/api.w.org\/{rel}","templated":true}]}}