
{"id":245,"date":"2024-06-04T13:19:33","date_gmt":"2024-06-04T10:19:33","guid":{"rendered":"https:\/\/www.ayparsenerji.com.tr\/?post_type=product&#038;p=245"},"modified":"2024-06-04T14:12:55","modified_gmt":"2024-06-04T11:12:55","slug":"silikon-izolatorler-2","status":"publish","type":"product","link":"https:\/\/www.ayparsenerji.com.tr\/en\/product\/silikon-izolatorler-2\/","title":{"rendered":"Silikon VHD \u0130zolat\u00f6rler"},"content":{"rendered":"<p><strong>\u00dcr\u00fcn hakk\u0131nda ayr\u0131nt\u0131l\u0131 bilgi almak i\u00e7in bizimle ileti\u015fime ge\u00e7iniz.<\/strong><\/p>","protected":false},"excerpt":{"rendered":"<p><img loading=\"lazy\" decoding=\"async\" class=\"alignnone wp-image-247 size-medium\" src=\"https:\/\/www.ayparsenerji.com.tr\/wp-content\/uploads\/2024\/06\/vv3-300x300.png\" alt=\"\" width=\"300\" height=\"300\" srcset=\"https:\/\/www.ayparsenerji.com.tr\/wp-content\/uploads\/2024\/06\/vv3-300x300.png 300w, https:\/\/www.ayparsenerji.com.tr\/wp-content\/uploads\/2024\/06\/vv3-150x150.png 150w, https:\/\/www.ayparsenerji.com.tr\/wp-content\/uploads\/2024\/06\/vv3-12x12.png 12w, https:\/\/www.ayparsenerji.com.tr\/wp-content\/uploads\/2024\/06\/vv3-100x100.png 100w, https:\/\/www.ayparsenerji.com.tr\/wp-content\/uploads\/2024\/06\/vv3.png 600w\" sizes=\"auto, (max-width: 300px) 100vw, 300px\" \/><\/p>\n<p>&nbsp;<\/p>\n<p>&nbsp;<\/p>\n<p>&nbsp;<\/p>","protected":false},"featured_media":266,"comment_status":"closed","ping_status":"closed","template":"","meta":[],"product_cat":[17],"product_tag":[],"class_list":{"0":"post-245","1":"product","2":"type-product","3":"status-publish","4":"has-post-thumbnail","6":"product_cat-izolatorler","8":"first","9":"instock","10":"shipping-taxable","11":"product-type-simple"},"_links":{"self":[{"href":"https:\/\/www.ayparsenerji.com.tr\/en\/wp-json\/wp\/v2\/product\/245","targetHints":{"allow":["GET"]}}],"collection":[{"href":"https:\/\/www.ayparsenerji.com.tr\/en\/wp-json\/wp\/v2\/product"}],"about":[{"href":"https:\/\/www.ayparsenerji.com.tr\/en\/wp-json\/wp\/v2\/types\/product"}],"replies":[{"embeddable":true,"href":"https:\/\/www.ayparsenerji.com.tr\/en\/wp-json\/wp\/v2\/comments?post=245"}],"wp:featuredmedia":[{"embeddable":true,"href":"https:\/\/www.ayparsenerji.com.tr\/en\/wp-json\/wp\/v2\/media\/266"}],"wp:attachment":[{"href":"https:\/\/www.ayparsenerji.com.tr\/en\/wp-json\/wp\/v2\/media?parent=245"}],"wp:term":[{"taxonomy":"product_cat","embeddable":true,"href":"https:\/\/www.ayparsenerji.com.tr\/en\/wp-json\/wp\/v2\/product_cat?post=245"},{"taxonomy":"product_tag","embeddable":true,"href":"https:\/\/www.ayparsenerji.com.tr\/en\/wp-json\/wp\/v2\/product_tag?post=245"}],"curies":[{"name":"wp","href":"https:\/\/api.w.org\/{rel}","templated":true}]}}