
{"id":163,"date":"2024-06-04T10:45:17","date_gmt":"2024-06-04T07:45:17","guid":{"rendered":"https:\/\/ayparsenerji.com.tr\/?post_type=product&#038;p=163"},"modified":"2024-06-04T14:46:17","modified_gmt":"2024-06-04T11:46:17","slug":"metal-mahfazali-hucre","status":"publish","type":"product","link":"https:\/\/www.ayparsenerji.com.tr\/en\/product\/metal-mahfazali-hucre\/","title":{"rendered":"Metal Mahfazal\u0131 H\u00fccre"},"content":{"rendered":"<p>36Kv hava yal\u0131t\u0131ml\u0131 metal mahfazal\u0131 mod\u00fcler h\u00fccreler; enerji \u00fcretim tesislerinde, trafo merkezleri, r\u00fczgar, g\u00fcne\u015f enerji santralleri, oteller, al\u0131\u015fveri\u015f merkezleri, i\u015f merkezleri, enerji kesilmesine tahamm\u00fcl\u00fc olmayan hastaneler, hava alanlar\u0131 vb. yerler i\u00e7in tasarlanan; enerjiyi denetleyerek i\u015fletme \u00f6zelliklerinin yan\u0131 s\u0131ra ki\u015filerin can ve mal g\u00fcvenli\u011fini sa\u011flamay\u0131 hedefleyen, Ar-Ge \u00e7al\u0131\u015fmalar\u0131 sonucu gerekli sertifikasyonlar\u0131 tamamlayarak IEC standartlar\u0131na uygun olarak \u00fcretilen orta gerilim \u015falt cihazlar\u0131d\u0131r.<\/p>\n<p>OG da\u011f\u0131t\u0131m sistemleri i\u00e7in ihtiya\u00e7 duyulan fonksiyonel \u00f6zelliklere sahip farkl\u0131 tiplerde h\u00fccre tasar\u0131mlar\u0131m\u0131z mevcuttur.<\/p>","protected":false},"excerpt":{"rendered":"<ul>\n<li><label><strong>\u00dcr\u00fcn Kodu:<\/strong> Metal Mahfazal\u0131 H\u00fccre<\/label><\/li>\n<li><label><strong>Fiyat: <\/strong><\/label>Fiyat i\u00e7in l\u00fctfen ileti\u015fime ge\u00e7iniz.<\/li>\n<\/ul>","protected":false},"featured_media":164,"comment_status":"closed","ping_status":"closed","template":"","meta":[],"product_cat":[22],"product_tag":[],"class_list":{"0":"post-163","1":"product","2":"type-product","3":"status-publish","4":"has-post-thumbnail","6":"product_cat-yg-anahtarlama-urunleri","8":"first","9":"instock","10":"shipping-taxable","11":"product-type-simple"},"_links":{"self":[{"href":"https:\/\/www.ayparsenerji.com.tr\/en\/wp-json\/wp\/v2\/product\/163","targetHints":{"allow":["GET"]}}],"collection":[{"href":"https:\/\/www.ayparsenerji.com.tr\/en\/wp-json\/wp\/v2\/product"}],"about":[{"href":"https:\/\/www.ayparsenerji.com.tr\/en\/wp-json\/wp\/v2\/types\/product"}],"replies":[{"embeddable":true,"href":"https:\/\/www.ayparsenerji.com.tr\/en\/wp-json\/wp\/v2\/comments?post=163"}],"wp:featuredmedia":[{"embeddable":true,"href":"https:\/\/www.ayparsenerji.com.tr\/en\/wp-json\/wp\/v2\/media\/164"}],"wp:attachment":[{"href":"https:\/\/www.ayparsenerji.com.tr\/en\/wp-json\/wp\/v2\/media?parent=163"}],"wp:term":[{"taxonomy":"product_cat","embeddable":true,"href":"https:\/\/www.ayparsenerji.com.tr\/en\/wp-json\/wp\/v2\/product_cat?post=163"},{"taxonomy":"product_tag","embeddable":true,"href":"https:\/\/www.ayparsenerji.com.tr\/en\/wp-json\/wp\/v2\/product_tag?post=163"}],"curies":[{"name":"wp","href":"https:\/\/api.w.org\/{rel}","templated":true}]}}