
{"id":161,"date":"2024-06-04T10:44:13","date_gmt":"2024-06-04T07:44:13","guid":{"rendered":"https:\/\/ayparsenerji.com.tr\/?post_type=product&#038;p=161"},"modified":"2024-06-04T14:48:06","modified_gmt":"2024-06-04T11:48:06","slug":"metal-clad-hucre","status":"publish","type":"product","link":"https:\/\/www.ayparsenerji.com.tr\/en\/product\/metal-clad-hucre\/","title":{"rendered":"Metal Clad H\u00fccre"},"content":{"rendered":"<p>Hava \u0130zoleli Metal Clad MCL Serisi Hu\u0308creler, 40.5kV\u2019a kadar kullan\u0131m i\u00e7in IEC 62271-200 standard\u0131na g\u00f6re tasarlanm\u0131\u015ft\u0131r. Projeler i\u00e7in uygun esnek tasar\u0131mlarla her zaman ihtiya\u00e7lar\u0131 kar\u015f\u0131lar. MCL Serisi Metal Clad Hu\u0308creler, maksimum servis su\u0308reklili\u011finin istendi\u011fi yerlerde kullan\u0131lmak u\u0308zere u\u0308retilmektedir. Metal Clad Hu\u0308cre, i\u00e7 mekan uygulamalar\u0131 i\u00e7in tasarlanm\u0131\u015ft\u0131r. Genellikle Metal Clad hu\u0308creler, enerji u\u0308retim santralleri, elektrik idaresi trafo merkezleri, \u00e7imento ve petrokimya fabrikalar\u0131, madenler, havaalanlar\u0131, demiryolu, al\u0131\u015fveri\u015f merkezi gibi \u00e7e\u015fitli zorlu uygulamalarda elektrik enerjisini da\u011f\u0131tmak i\u00e7in kullan\u0131l\u0131r ve transformat\u00f6rler, kapasit\u00f6rler ve motorlar i\u00e7in kontrol ve koruma sa\u011flamak i\u00e7in uygundurlar.<\/p>","protected":false},"excerpt":{"rendered":"<ul>\n<li><label><strong>\u00dcr\u00fcn Kodu:<\/strong> Metal Clad H\u00fccre<\/label><\/li>\n<li><label><strong>Fiyat: <\/strong><\/label>Fiyat i\u00e7in l\u00fctfen ileti\u015fime ge\u00e7iniz.<\/li>\n<\/ul>","protected":false},"featured_media":162,"comment_status":"closed","ping_status":"closed","template":"","meta":[],"product_cat":[22],"product_tag":[],"class_list":{"0":"post-161","1":"product","2":"type-product","3":"status-publish","4":"has-post-thumbnail","6":"product_cat-yg-anahtarlama-urunleri","8":"first","9":"instock","10":"shipping-taxable","11":"product-type-simple"},"_links":{"self":[{"href":"https:\/\/www.ayparsenerji.com.tr\/en\/wp-json\/wp\/v2\/product\/161","targetHints":{"allow":["GET"]}}],"collection":[{"href":"https:\/\/www.ayparsenerji.com.tr\/en\/wp-json\/wp\/v2\/product"}],"about":[{"href":"https:\/\/www.ayparsenerji.com.tr\/en\/wp-json\/wp\/v2\/types\/product"}],"replies":[{"embeddable":true,"href":"https:\/\/www.ayparsenerji.com.tr\/en\/wp-json\/wp\/v2\/comments?post=161"}],"wp:featuredmedia":[{"embeddable":true,"href":"https:\/\/www.ayparsenerji.com.tr\/en\/wp-json\/wp\/v2\/media\/162"}],"wp:attachment":[{"href":"https:\/\/www.ayparsenerji.com.tr\/en\/wp-json\/wp\/v2\/media?parent=161"}],"wp:term":[{"taxonomy":"product_cat","embeddable":true,"href":"https:\/\/www.ayparsenerji.com.tr\/en\/wp-json\/wp\/v2\/product_cat?post=161"},{"taxonomy":"product_tag","embeddable":true,"href":"https:\/\/www.ayparsenerji.com.tr\/en\/wp-json\/wp\/v2\/product_tag?post=161"}],"curies":[{"name":"wp","href":"https:\/\/api.w.org\/{rel}","templated":true}]}}