
{"id":159,"date":"2024-06-04T10:46:41","date_gmt":"2024-06-04T07:46:41","guid":{"rendered":"https:\/\/ayparsenerji.com.tr\/?post_type=product&#038;p=159"},"modified":"2024-06-04T14:42:29","modified_gmt":"2024-06-04T11:42:29","slug":"beton-kosk","status":"publish","type":"product","link":"https:\/\/www.ayparsenerji.com.tr\/en\/product\/beton-kosk\/","title":{"rendered":"Beton K\u00f6\u015fk"},"content":{"rendered":"<p>Bu \u00fcr\u00fcn OG\/AG Beton Da\u011f\u0131t\u0131m ve Transformat\u00f6r Merkezleri, 36 kV\u2019a kadar olan sistem gerilimlerinde kullan\u0131lmak \u00fczere beton mahfazal\u0131, monoblok, kompakt tip \u00f6zelliklerinde TS EN 62271-202 (IEC 62271-202 ) standard\u0131na ve TEDA\u015e MYD ilgili \u015fartnamesine g\u00f6re tasarlanm\u0131\u015ft\u0131r. Standard\u0131n gerektirdi\u011fi t\u00fcm tip deneyler, yurt i\u00e7i ve yurtd\u0131\u015f\u0131nda bulunan akredite laboratuvarlarda tamamlanm\u0131\u015ft\u0131r. Beton Da\u011f\u0131t\u0131m ve Transformat\u00f6r Merkezleri, \u00fc\u00e7 b\u00f6l\u00fcmden olu\u015fmaktad\u0131r; YG anahtarlama \u00fcniteleri b\u00f6l\u00fcm\u00fc, OG da\u011f\u0131t\u0131m transformat\u00f6r b\u00f6l\u00fcm\u00fc, AG da\u011f\u0131t\u0131m panosu b\u00f6l\u00fcm\u00fc. Her b\u00f6l\u00fcm\u00fcn kendisine ait birbirinden ba\u011f\u0131ms\u0131z eri\u015fim kap\u0131lar\u0131 bulunmaktad\u0131r.<\/p>\n<p>\u0130htiyaca g\u00f6re farkl\u0131 kap\u0131 ve havaland\u0131rma panjuru konfig\u00fcrasyonlar\u0131 yap\u0131labilir.<\/p>\n<p>&nbsp;<\/p>\n<div class=\"elementor-element elementor-element-9cc249a elementor-widget elementor-widget-ct_heading\" data-id=\"9cc249a\" data-element_type=\"widget\" data-widget_type=\"ct_heading.default\">\n<div class=\"elementor-widget-container\">\n<div id=\"ct_heading-9cc249a\" class=\"ct-heading h-align-left item-line-title\">\n<div class=\"heading-wrapper\">\n<div class=\"inner-heading\">\n<h4 class=\"item--title case-animate-time line-title\" data-wow-delay=\"ms\">Kullan\u0131m Alanlar\u0131<\/h4>\n<\/div>\n<\/div>\n<\/div>\n<\/div>\n<\/div>\n<section class=\"elementor-section elementor-inner-section elementor-element elementor-element-3b2ff6c elementor-section-boxed elementor-section-height-default elementor-section-height-default ct-header-fixed-none ct-column-none ct-row-scroll-none ct-row-gradient--none ct-row-container--default\" data-id=\"3b2ff6c\" data-element_type=\"section\">\n<div class=\"elementor-container elementor-column-gap-default\">\n<div class=\"elementor-column elementor-col-50 elementor-inner-column elementor-element elementor-element-e9e092a ct-column-none col-offset-none\" data-id=\"e9e092a\" data-element_type=\"column\">\n<div class=\"elementor-widget-wrap elementor-element-populated\">\n<div class=\"elementor-element elementor-element-5d938de elementor-widget elementor-widget-ct_list\" data-id=\"5d938de\" data-element_type=\"widget\" data-widget_type=\"ct_list.default\">\n<div class=\"elementor-widget-container\">\n<div class=\"ct-list block\">\n<div class=\"ct-list-item wow fadeInUp\">\n<div class=\"ct-list-icon\"><\/div>\n<div class=\"ct-list-content\">\u2756 Trafo Merkezleri<\/div>\n<\/div>\n<div class=\"ct-list-item wow fadeInUp\">\n<div class=\"ct-list-icon\"><\/div>\n<div class=\"ct-list-content\">\u2756 Da\u011f\u0131t\u0131m Merkezleri<\/div>\n<\/div>\n<div class=\"ct-list-item wow fadeInUp\">\n<div class=\"ct-list-icon\"><\/div>\n<div class=\"ct-list-content\">\u2756 End\u00fcstriyel Merkezler<\/div>\n<\/div>\n<div class=\"ct-list-item wow fadeInUp\">\n<div class=\"ct-list-icon\"><\/div>\n<div class=\"ct-list-content\">\u2756 R\u00fczgar Enerji Santralleri (RES), G\u00fcne\u015f Enerji Santralleri (GES)<\/div>\n<\/div>\n<\/div>\n<\/div>\n<\/div>\n<\/div>\n<\/div>\n<div class=\"elementor-column elementor-col-50 elementor-inner-column elementor-element elementor-element-5738832 ct-column-none col-offset-none\" data-id=\"5738832\" data-element_type=\"column\">\n<div class=\"elementor-widget-wrap elementor-element-populated\">\n<div class=\"elementor-element elementor-element-1cb22b0 elementor-widget elementor-widget-ct_list\" data-id=\"1cb22b0\" data-element_type=\"widget\" data-widget_type=\"ct_list.default\">\n<div class=\"elementor-widget-container\">\n<div class=\"ct-list block\">\n<div class=\"ct-list-item wow fadeInUp\">\n<div class=\"ct-list-icon\"><\/div>\n<div class=\"ct-list-content\">\u2756 Kompanzasyon Tesisleri<\/div>\n<\/div>\n<div class=\"ct-list-item wow fadeInUp\">\n<div class=\"ct-list-icon\"><\/div>\n<div class=\"ct-list-content\">\u2756 Su Pompa \u0130stasyonlar\u0131<\/div>\n<\/div>\n<div class=\"ct-list-item wow fadeInUp\">\n<div class=\"ct-list-icon\"><\/div>\n<div class=\"ct-list-content\">\u2756 End\u00fcstriyel Merkezler<\/div>\n<\/div>\n<div class=\"ct-list-item wow fadeInUp\">\n<div class=\"ct-list-icon\"><\/div>\n<div class=\"ct-list-content\">\u2756 Jenerat\u00f6r Kabinleri<\/div>\n<\/div>\n<\/div>\n<\/div>\n<\/div>\n<\/div>\n<\/div>\n<\/div>\n<\/section>","protected":false},"excerpt":{"rendered":"<p><img loading=\"lazy\" decoding=\"async\" class=\"alignnone size-medium wp-image-261\" src=\"https:\/\/www.ayparsenerji.com.tr\/wp-content\/uploads\/2024\/06\/vv10-300x300.jpeg\" alt=\"\" width=\"300\" height=\"300\" srcset=\"https:\/\/www.ayparsenerji.com.tr\/wp-content\/uploads\/2024\/06\/vv10-300x300.jpeg 300w, https:\/\/www.ayparsenerji.com.tr\/wp-content\/uploads\/2024\/06\/vv10-150x150.jpeg 150w, https:\/\/www.ayparsenerji.com.tr\/wp-content\/uploads\/2024\/06\/vv10-768x768.jpeg 768w, https:\/\/www.ayparsenerji.com.tr\/wp-content\/uploads\/2024\/06\/vv10-12x12.jpeg 12w, https:\/\/www.ayparsenerji.com.tr\/wp-content\/uploads\/2024\/06\/vv10-600x600.jpeg 600w, https:\/\/www.ayparsenerji.com.tr\/wp-content\/uploads\/2024\/06\/vv10-100x100.jpeg 100w, https:\/\/www.ayparsenerji.com.tr\/wp-content\/uploads\/2024\/06\/vv10.jpeg 800w\" sizes=\"auto, (max-width: 300px) 100vw, 300px\" \/><\/p>\n<ul>\n<li><label><strong>\u00dcr\u00fcn Kodu:<\/strong> Beton K\u00f6\u015fk<\/label><\/li>\n<li><label><strong>Fiyat: <\/strong><\/label>Fiyat i\u00e7in l\u00fctfen ileti\u015fime ge\u00e7iniz.<\/li>\n<\/ul>","protected":false},"featured_media":160,"comment_status":"closed","ping_status":"closed","template":"","meta":[],"product_cat":[22],"product_tag":[],"class_list":{"0":"post-159","1":"product","2":"type-product","3":"status-publish","4":"has-post-thumbnail","6":"product_cat-yg-anahtarlama-urunleri","8":"first","9":"instock","10":"shipping-taxable","11":"product-type-simple"},"_links":{"self":[{"href":"https:\/\/www.ayparsenerji.com.tr\/en\/wp-json\/wp\/v2\/product\/159","targetHints":{"allow":["GET"]}}],"collection":[{"href":"https:\/\/www.ayparsenerji.com.tr\/en\/wp-json\/wp\/v2\/product"}],"about":[{"href":"https:\/\/www.ayparsenerji.com.tr\/en\/wp-json\/wp\/v2\/types\/product"}],"replies":[{"embeddable":true,"href":"https:\/\/www.ayparsenerji.com.tr\/en\/wp-json\/wp\/v2\/comments?post=159"}],"wp:featuredmedia":[{"embeddable":true,"href":"https:\/\/www.ayparsenerji.com.tr\/en\/wp-json\/wp\/v2\/media\/160"}],"wp:attachment":[{"href":"https:\/\/www.ayparsenerji.com.tr\/en\/wp-json\/wp\/v2\/media?parent=159"}],"wp:term":[{"taxonomy":"product_cat","embeddable":true,"href":"https:\/\/www.ayparsenerji.com.tr\/en\/wp-json\/wp\/v2\/product_cat?post=159"},{"taxonomy":"product_tag","embeddable":true,"href":"https:\/\/www.ayparsenerji.com.tr\/en\/wp-json\/wp\/v2\/product_tag?post=159"}],"curies":[{"name":"wp","href":"https:\/\/api.w.org\/{rel}","templated":true}]}}