
{"id":155,"date":"2024-06-03T10:34:27","date_gmt":"2024-06-03T07:34:27","guid":{"rendered":"https:\/\/ayparsenerji.com.tr\/?post_type=product&#038;p=155"},"modified":"2024-06-03T10:34:27","modified_gmt":"2024-06-03T07:34:27","slug":"kuru-tip-transformator","status":"publish","type":"product","link":"https:\/\/www.ayparsenerji.com.tr\/en\/product\/kuru-tip-transformator\/","title":{"rendered":"Kuru Tip Transformat\u00f6r"},"content":{"rendered":"<p>So\u011futma y\u00f6ntemine g\u00f6re ya\u011fl\u0131 tip transformat\u00f6rlere g\u00f6re farkl\u0131l\u0131k g\u00f6stermektedir. YG sarg\u0131lar\u0131, epoksi d\u00f6kme re\u00e7ine ile vakum alt\u0131nda kaplanan transformat\u00f6rlerdir. AG sarg\u0131lar\u0131, hem d\u00f6kme re\u00e7ine hem de re\u00e7ine emdirilmi\u015f prepreg y\u00f6ntemi ile imal edilebilen transformat\u00f6rlerdir.<\/p>\n<p>25-25000 kVA g\u00fc\u00e7 aral\u0131\u011f\u0131nda, 36 kV gerilim seviyesine kadar, do\u011fal hava so\u011futmal\u0131 (AN) veya fan so\u011futmal\u0131 (AF) se\u00e7ene\u011fiyle \u00fcretilirler. So\u011futma fan\u0131 kullan\u0131larak %40\u2019a varan g\u00fc\u00e7 art\u0131\u015f\u0131 sa\u011flanabilir.<\/p>\n<p>\u0130leri teknoloji ve bilgi birikimi gerektiren Kuru tip transformat\u00f6r imalat\u0131 son y\u0131llarda artan m\u00fc\u015fteri talepleri ile g\u00fcn ge\u00e7tik\u00e7e pazar pay\u0131n\u0131 ya\u011fl\u0131 tip transformat\u00f6rlere g\u00f6re artt\u0131rmaktad\u0131r. Bununla birlikte g\u00fcn\u00fcm\u00fcz teknolojisinde \u00f6zellikle 36 kV gerilim seviyesi \u00fczerinde b\u00fcy\u00fck g\u00fc\u00e7l\u00fc kuru tip transformat\u00f6r \u00fcretimi teknolojik zorluklar i\u00e7ermektedir. Bu konuda ara\u015ft\u0131rma ve geli\u015ftirme \u00e7al\u0131\u015fmalar\u0131 t\u00fcm h\u0131z\u0131yla devam etmektedir. Ya\u011f gibi \u00e7evreye zararl\u0131 bir so\u011futma s\u0131v\u0131s\u0131n\u0131n olmamas\u0131, yang\u0131n riskinin daha az olmas\u0131, bak\u0131m gerektirmemesi, rutubet ve neme kar\u015f\u0131 dayan\u0131kl\u0131 olmas\u0131, uzun s\u00fcre i\u015fletmede olmamas\u0131na ra\u011fmen her an sorunsuz devreye al\u0131nabilme \u00f6zelli\u011fi ve fan so\u011futma takviyesi ile nominal g\u00fcc\u00fcn %40\u2019\u0131na kadar fazla y\u00fcklenebilmesi gibi nedenlerle ya\u011fl\u0131 tip da\u011f\u0131t\u0131m transformat\u00f6rlerine g\u00f6re daha fazla tercih edilmektedir. Bununla birlikte g\u00fcn\u00fcm\u00fczde ayn\u0131 g\u00fc\u00e7te bir ya\u011fl\u0131 tip transformat\u00f6re g\u00f6re sat\u0131\u015f fiyat\u0131n\u0131n daha y\u00fcksek olmas\u0131 en \u00f6nemli olumsuz yan\u0131 olan kuru tip da\u011f\u0131t\u0131m transformat\u00f6rleri, son y\u0131llarda sat\u0131\u015f pay\u0131n\u0131 s\u00fcrekli artt\u0131rmaktad\u0131r.<\/p>\n<p>Aypars Enerji\u2019den 400 kVA\u2019dan 2500 kVA aras\u0131 kuru tip transformat\u00f6rleri stoktan, h\u0131zl\u0131 ve ekonomik bir \u015fekilde temin edebilirsiniz.<\/p>","protected":false},"excerpt":{"rendered":"<ul>\n<li><label><strong>\u00dcr\u00fcn Kodu:<\/strong> Kuru Tip Transformat\u00f6r<\/label><\/li>\n<li><label><strong>Fiyat: <\/strong><\/label>Fiyat i\u00e7in l\u00fctfen ileti\u015fime ge\u00e7iniz.<\/li>\n<\/ul>","protected":false},"featured_media":156,"comment_status":"closed","ping_status":"closed","template":"","meta":[],"product_cat":[21],"product_tag":[],"class_list":{"0":"post-155","1":"product","2":"type-product","3":"status-publish","4":"has-post-thumbnail","6":"product_cat-transformatorler","8":"first","9":"instock","10":"shipping-taxable","11":"product-type-simple"},"_links":{"self":[{"href":"https:\/\/www.ayparsenerji.com.tr\/en\/wp-json\/wp\/v2\/product\/155","targetHints":{"allow":["GET"]}}],"collection":[{"href":"https:\/\/www.ayparsenerji.com.tr\/en\/wp-json\/wp\/v2\/product"}],"about":[{"href":"https:\/\/www.ayparsenerji.com.tr\/en\/wp-json\/wp\/v2\/types\/product"}],"replies":[{"embeddable":true,"href":"https:\/\/www.ayparsenerji.com.tr\/en\/wp-json\/wp\/v2\/comments?post=155"}],"wp:featuredmedia":[{"embeddable":true,"href":"https:\/\/www.ayparsenerji.com.tr\/en\/wp-json\/wp\/v2\/media\/156"}],"wp:attachment":[{"href":"https:\/\/www.ayparsenerji.com.tr\/en\/wp-json\/wp\/v2\/media?parent=155"}],"wp:term":[{"taxonomy":"product_cat","embeddable":true,"href":"https:\/\/www.ayparsenerji.com.tr\/en\/wp-json\/wp\/v2\/product_cat?post=155"},{"taxonomy":"product_tag","embeddable":true,"href":"https:\/\/www.ayparsenerji.com.tr\/en\/wp-json\/wp\/v2\/product_tag?post=155"}],"curies":[{"name":"wp","href":"https:\/\/api.w.org\/{rel}","templated":true}]}}