
{"id":153,"date":"2024-06-03T10:31:40","date_gmt":"2024-06-03T07:31:40","guid":{"rendered":"https:\/\/ayparsenerji.com.tr\/?post_type=product&#038;p=153"},"modified":"2024-06-03T10:31:40","modified_gmt":"2024-06-03T07:31:40","slug":"yagli-tip-transformator","status":"publish","type":"product","link":"https:\/\/www.ayparsenerji.com.tr\/en\/product\/yagli-tip-transformator\/","title":{"rendered":"Ya\u011fl\u0131 Tip Transformat\u00f6r"},"content":{"rendered":"<p>Ya\u011fl\u0131 tip da\u011f\u0131t\u0131m transformat\u00f6rleri 36 kV gerilim seviyesine ve 5000 kVa g\u00fcc\u00fcne kadar giri\u015f ve \u00e7\u0131k\u0131\u015f gerilimlerini istenilen oranlarda de\u011fi\u015ftiren, i\u015fletme s\u0131ras\u0131nda olu\u015fan \u0131s\u0131n\u0131n transformat\u00f6r ya\u011f\u0131 ile at\u0131larak izin verilen \u00e7al\u0131\u015fma s\u0131cakl\u0131\u011f\u0131n\u0131 a\u015fmamas\u0131 i\u00e7in so\u011futman\u0131n transformat\u00f6r ya\u011f\u0131 ile sa\u011fland\u0131\u011f\u0131 transformat\u00f6rlerdir. Bu tip transformat\u00f6rler hermetik ve genle\u015fme depolu olarak 2 (iki) ana ba\u015fl\u0131k alt\u0131nda incelenebilir:<\/p>\n<div class=\"elementor-column elementor-col-50 elementor-inner-column elementor-element elementor-element-6344db2 ct-column-none col-offset-none\" data-id=\"6344db2\" data-element_type=\"column\">\n<div class=\"elementor-widget-wrap elementor-element-populated\">\n<div class=\"elementor-element elementor-element-ccc0697 elementor-widget elementor-widget-ct_heading\" data-id=\"ccc0697\" data-element_type=\"widget\" data-widget_type=\"ct_heading.default\">\n<div class=\"elementor-widget-container\">\n<div id=\"ct_heading-ccc0697\" class=\"ct-heading h-align-left item-line-title\">\n<div class=\"heading-wrapper\">\n<div class=\"inner-heading\">\n<h4 class=\"item--title case-animate-time line-title\" data-wow-delay=\"ms\">Hermetik Ya\u011fl\u0131 Tip Da\u011f\u0131t\u0131m Transformat\u00f6rleri<\/h4>\n<\/div>\n<\/div>\n<\/div>\n<\/div>\n<\/div>\n<div class=\"elementor-element elementor-element-676d01c elementor-widget elementor-widget-text-editor\" data-id=\"676d01c\" data-element_type=\"widget\" data-widget_type=\"text-editor.default\">\n<div class=\"elementor-widget-container\">\n<p>25 \u2013 5000 kVA g\u00fc\u00e7 aral\u0131\u011f\u0131nda, 36 kV y\u00fcksek gerilim seviyesine kadar, \u00fc\u00e7 veya tek fazl\u0131, ya\u011fl\u0131, tabii so\u011futmal\u0131 (ONAN), bo\u015fta kademe de\u011fi\u015ftiricili veya y\u00fck alt\u0131nda otomatik kademe de\u011fi\u015ftiricili, hem hari\u00e7te hem de dahilde kullan\u0131labilecek \u015fekilde \u00fcretilmektedirler. Hermetik ya\u011fl\u0131 tip da\u011f\u0131t\u0131m transformat\u00f6rleri, vakum alt\u0131nda ya\u011f dolumu yap\u0131larak ya\u011f bas\u0131nc\u0131 ve atmosfer bas\u0131nc\u0131n\u0131n istenen s\u0131cakl\u0131kta dengelenmesi ile so\u011futma ya\u011f\u0131n\u0131n atmosferle temas etmemesi prensipleri ile imal edilir.<\/p>\n<p>Hermetik ya\u011fl\u0131 tip da\u011f\u0131t\u0131m transformat\u00f6rlerinde \u0131s\u0131l de\u011fi\u015fimler nedeniyle de\u011fi\u015fen ya\u011f bas\u0131nc\u0131 sonucu i\u00e7 \u0131s\u0131, kazan dalga duvarlar\u0131n\u0131n do\u011fal yollarla genle\u015fip b\u00fcz\u00fclmesiyle kontrol alt\u0131na al\u0131n\u0131r. Bu etkilere dayanabilecek \u015fekilde mekanik tasar\u0131m\u0131 ve imalat\u0131 yap\u0131l\u0131r.<\/p>\n<p>Hermetik ya\u011fl\u0131 tip da\u011f\u0131t\u0131m transformat\u00f6rleri genle\u015fme depolu transformat\u00f6rlere oranla y\u00fckseklikleri daha d\u00fc\u015f\u00fckt\u00fcr. Bu nedenle de daha k\u00fc\u00e7\u00fck alanlarda kullan\u0131labilir.<br \/>\nHermetik transformat\u00f6rlerde ya\u011f atmosferle temas etmedi\u011fi i\u00e7in genle\u015fme depolu transformat\u00f6rlerde oldu\u011fu gibi belirli s\u00fcre\u00e7lerde ya\u011f de\u011fi\u015fimi gerektirmez.<\/p>\n<\/div>\n<\/div>\n<\/div>\n<\/div>\n<div class=\"elementor-column elementor-col-50 elementor-inner-column elementor-element elementor-element-41c8763 ct-column-none col-offset-none\" data-id=\"41c8763\" data-element_type=\"column\">\n<div class=\"elementor-widget-wrap elementor-element-populated\">\n<div class=\"elementor-element elementor-element-df5cf9f elementor-widget elementor-widget-ct_heading\" data-id=\"df5cf9f\" data-element_type=\"widget\" data-widget_type=\"ct_heading.default\">\n<div class=\"elementor-widget-container\">\n<div id=\"ct_heading-df5cf9f\" class=\"ct-heading h-align-left item-line-title\">\n<div class=\"heading-wrapper\">\n<div class=\"inner-heading\">\n<h4 class=\"item--title case-animate-time line-title\" data-wow-delay=\"ms\">Genle\u015fme Depolu Transformat\u00f6r<\/h4>\n<\/div>\n<\/div>\n<\/div>\n<\/div>\n<\/div>\n<div class=\"elementor-element elementor-element-cb63882 elementor-widget elementor-widget-text-editor\" data-id=\"cb63882\" data-element_type=\"widget\" data-widget_type=\"text-editor.default\">\n<div class=\"elementor-widget-container\">\n<p>Genle\u015fme depolu transformat\u00f6rler \u00e7ekirdek ve bobin yap\u0131s\u0131yla hermetik transformat\u00f6rlerle ayn\u0131d\u0131r. Bu tip transformat\u00f6rlerin genle\u015fme depolar\u0131n\u0131n boyutlar\u0131, s\u0131cakl\u0131kla hacmi artan ya\u011f\u0131n genle\u015fmesini depolayacak \u015fekilde hesaplamalar sonucunda tasar\u0131m\u0131 ve imalat\u0131 yap\u0131l\u0131r.<\/p>\n<p>Genle\u015fme depolu transformat\u00f6rler atmosfere a\u00e7\u0131k oldu\u011fu i\u00e7in termik etkiler nedeniyle de\u011fi\u015fen ya\u011f bas\u0131nc\u0131, transformat\u00f6r\u00fcn deposunda bulunan slikajel (hava kurutucu) sayesinde havan\u0131n nemi al\u0131narak hava al\u0131\u015fveri\u015fi sa\u011flan\u0131r.<\/p>\n<p>\u0130\u015fletmeye al\u0131nan genle\u015fme depolu transformat\u00f6r, y\u00fcke ba\u011fl\u0131 olarak \u0131s\u0131 farkl\u0131l\u0131klar\u0131ndan kaynaklanan hava al\u0131\u015fveri\u015fi sonucunda zamanla slikajel \u00f6zelli\u011fini kaybeder ve ya\u011f\u0131n nemlenmesine, yap\u0131s\u0131n\u0131n bozulmas\u0131na yol a\u00e7ar. Bu nedenle belirli periyotlarda slikajel de\u011fi\u015ftirilmesi ve ya\u011fdan numune al\u0131narak delinme geriliminin \u00f6l\u00e7\u00fclmesi gibi bak\u0131mlar\u0131 yap\u0131lmas\u0131 gereklidir.<\/p>\n<p>Aypars Enerji\u2019de 50 kVA \u2013 2500 kVA aras\u0131 g\u00fc\u00e7lerde trafolar\u0131 stoktan, h\u0131zl\u0131 ve ekonomik bir \u015fekilde temin edebilirsiniz.<\/p>\n<\/div>\n<\/div>\n<\/div>\n<\/div>","protected":false},"excerpt":{"rendered":"<ul>\n<li><label><strong>\u00dcr\u00fcn Kodu:<\/strong> Ya\u011fl\u0131 Tip Transformat\u00f6r<\/label><\/li>\n<li><label><strong>Fiyat: <\/strong><\/label>Fiyat i\u00e7in l\u00fctfen ileti\u015fime ge\u00e7iniz.<\/li>\n<\/ul>","protected":false},"featured_media":154,"comment_status":"closed","ping_status":"closed","template":"","meta":[],"product_cat":[21],"product_tag":[],"class_list":{"0":"post-153","1":"product","2":"type-product","3":"status-publish","4":"has-post-thumbnail","6":"product_cat-transformatorler","8":"first","9":"instock","10":"shipping-taxable","11":"product-type-simple"},"_links":{"self":[{"href":"https:\/\/www.ayparsenerji.com.tr\/en\/wp-json\/wp\/v2\/product\/153","targetHints":{"allow":["GET"]}}],"collection":[{"href":"https:\/\/www.ayparsenerji.com.tr\/en\/wp-json\/wp\/v2\/product"}],"about":[{"href":"https:\/\/www.ayparsenerji.com.tr\/en\/wp-json\/wp\/v2\/types\/product"}],"replies":[{"embeddable":true,"href":"https:\/\/www.ayparsenerji.com.tr\/en\/wp-json\/wp\/v2\/comments?post=153"}],"wp:featuredmedia":[{"embeddable":true,"href":"https:\/\/www.ayparsenerji.com.tr\/en\/wp-json\/wp\/v2\/media\/154"}],"wp:attachment":[{"href":"https:\/\/www.ayparsenerji.com.tr\/en\/wp-json\/wp\/v2\/media?parent=153"}],"wp:term":[{"taxonomy":"product_cat","embeddable":true,"href":"https:\/\/www.ayparsenerji.com.tr\/en\/wp-json\/wp\/v2\/product_cat?post=153"},{"taxonomy":"product_tag","embeddable":true,"href":"https:\/\/www.ayparsenerji.com.tr\/en\/wp-json\/wp\/v2\/product_tag?post=153"}],"curies":[{"name":"wp","href":"https:\/\/api.w.org\/{rel}","templated":true}]}}