
{"id":151,"date":"2024-06-03T10:23:23","date_gmt":"2024-06-03T07:23:23","guid":{"rendered":"https:\/\/ayparsenerji.com.tr\/?post_type=product&#038;p=151"},"modified":"2024-06-04T13:51:01","modified_gmt":"2024-06-04T10:51:01","slug":"guc-transformatoru","status":"publish","type":"product","link":"https:\/\/www.ayparsenerji.com.tr\/en\/product\/guc-transformatoru\/","title":{"rendered":"G\u00fc\u00e7 Transformat\u00f6r\u00fc"},"content":{"rendered":"<p>\u2756 G\u00fc\u00e7 Transformat\u00f6rleri, 72.5 kV gerilim seviyesi ve \u00fczerindeki gerilim seviyelerinde 5000 kVA ve \u00fczeri g\u00fc\u00e7lerde m\u00fc\u015fteri isteklerine, ulusal ve uluslararas\u0131 standartlara (IEC, IEEE vb.) g\u00f6re tasar\u0131m\u0131 ve imalat\u0131 yap\u0131lan transformat\u00f6rlerdir. G\u00fc\u00e7 transformat\u00f6rleri g\u00fc\u00e7, gerilim, ayar gibi \u00e7ok geni\u015f de\u011fi\u015fen teknik \u00f6zelliklere sahiptir. Aypars Enerji 5MVA\u2019n\u0131n \u00fczerindeki her g\u00fc\u00e7 ve gerilim aral\u0131\u011f\u0131nda her ihtiyaca uygun olarak g\u00fc\u00e7 trafosu tedari\u011fi yapmaktad\u0131r. Elektrik iletim hatlar\u0131nda, sanayi tesislerinde, elektrik \u00fcretim merkezlerinde ve elektrik i\u00e7 ihtiya\u00e7lar\u0131nda g\u00fc\u00e7 transformat\u00f6rleri kullan\u0131lmaktad\u0131r.<\/p>\n<p>&nbsp;<\/p>","protected":false},"excerpt":{"rendered":"<ul>\n<li><label><strong>\u00dcr\u00fcn Kodu:<\/strong> G\u00fc\u00e7 Transformat\u00f6r\u00fc<\/label><\/li>\n<li><label><strong>Fiyat: <\/strong><\/label>Fiyat i\u00e7in l\u00fctfen ileti\u015fime ge\u00e7iniz.<\/li>\n<\/ul>","protected":false},"featured_media":152,"comment_status":"closed","ping_status":"closed","template":"","meta":[],"product_cat":[21],"product_tag":[],"class_list":{"0":"post-151","1":"product","2":"type-product","3":"status-publish","4":"has-post-thumbnail","6":"product_cat-transformatorler","8":"first","9":"instock","10":"shipping-taxable","11":"product-type-simple"},"_links":{"self":[{"href":"https:\/\/www.ayparsenerji.com.tr\/en\/wp-json\/wp\/v2\/product\/151","targetHints":{"allow":["GET"]}}],"collection":[{"href":"https:\/\/www.ayparsenerji.com.tr\/en\/wp-json\/wp\/v2\/product"}],"about":[{"href":"https:\/\/www.ayparsenerji.com.tr\/en\/wp-json\/wp\/v2\/types\/product"}],"replies":[{"embeddable":true,"href":"https:\/\/www.ayparsenerji.com.tr\/en\/wp-json\/wp\/v2\/comments?post=151"}],"wp:featuredmedia":[{"embeddable":true,"href":"https:\/\/www.ayparsenerji.com.tr\/en\/wp-json\/wp\/v2\/media\/152"}],"wp:attachment":[{"href":"https:\/\/www.ayparsenerji.com.tr\/en\/wp-json\/wp\/v2\/media?parent=151"}],"wp:term":[{"taxonomy":"product_cat","embeddable":true,"href":"https:\/\/www.ayparsenerji.com.tr\/en\/wp-json\/wp\/v2\/product_cat?post=151"},{"taxonomy":"product_tag","embeddable":true,"href":"https:\/\/www.ayparsenerji.com.tr\/en\/wp-json\/wp\/v2\/product_tag?post=151"}],"curies":[{"name":"wp","href":"https:\/\/api.w.org\/{rel}","templated":true}]}}