
{"id":143,"date":"2024-06-03T10:13:29","date_gmt":"2024-06-03T07:13:29","guid":{"rendered":"https:\/\/ayparsenerji.com.tr\/?post_type=product&#038;p=143"},"modified":"2024-06-04T13:37:39","modified_gmt":"2024-06-04T10:37:39","slug":"bakir-aluminyum-iletkenler","status":"publish","type":"product","link":"https:\/\/www.ayparsenerji.com.tr\/en\/product\/bakir-aluminyum-iletkenler\/","title":{"rendered":"Al\u00fcminyum \u0130letkenler"},"content":{"rendered":"<p>\u2756 Bak\u0131r ve al\u00fcminyum iletkenler kullan\u0131m amac\u0131 ve yerine g\u00f6re tercih edilmektedir. S\u0131kl\u0131kla kullan\u0131lan bak\u0131r\u0131n a\u011f\u0131r ve pahal\u0131 olmas\u0131 gibi dezavantajlar\u0131 bulunurken daha iletken olmas\u0131 \u00f6n plana \u00e7\u0131kmaktad\u0131r. Al\u00fcminyum ise daha uygun fiyatl\u0131 ve hafif olmas\u0131na ra\u011fmen bak\u0131ra g\u00f6re daha az iletkendir. Bu bilgiler do\u011frultusunda, ihtiyac\u0131n\u0131z olan kullan\u0131m amac\u0131na uygun en iyi iletkeni kendiniz belirleyebilirsiniz.<\/p>\n<p>\u2756 \u0130ster bak\u0131r ister al\u00fcminyum her t\u00fcrl\u00fc teknik \u00f6zellikte iletken grubu \u00fcr\u00fcnlerimiz i\u00e7in, bizimle ileti\u015fime ge\u00e7iniz.<\/p>","protected":false},"excerpt":{"rendered":"<ul>\n<li><label><strong>\u00dcr\u00fcn Kodu:<\/strong> Bak\u0131r Al\u00fcminyum \u0130letkenler<\/label><\/li>\n<li><label><strong>Fiyat: <\/strong><\/label>Fiyat i\u00e7in l\u00fctfen ileti\u015fime ge\u00e7iniz.<\/li>\n<\/ul>","protected":false},"featured_media":144,"comment_status":"closed","ping_status":"closed","template":"","meta":[],"product_cat":[20],"product_tag":[],"class_list":{"0":"post-143","1":"product","2":"type-product","3":"status-publish","4":"has-post-thumbnail","6":"product_cat-topraklama-urunleri","8":"first","9":"instock","10":"shipping-taxable","11":"product-type-simple"},"_links":{"self":[{"href":"https:\/\/www.ayparsenerji.com.tr\/en\/wp-json\/wp\/v2\/product\/143","targetHints":{"allow":["GET"]}}],"collection":[{"href":"https:\/\/www.ayparsenerji.com.tr\/en\/wp-json\/wp\/v2\/product"}],"about":[{"href":"https:\/\/www.ayparsenerji.com.tr\/en\/wp-json\/wp\/v2\/types\/product"}],"replies":[{"embeddable":true,"href":"https:\/\/www.ayparsenerji.com.tr\/en\/wp-json\/wp\/v2\/comments?post=143"}],"wp:featuredmedia":[{"embeddable":true,"href":"https:\/\/www.ayparsenerji.com.tr\/en\/wp-json\/wp\/v2\/media\/144"}],"wp:attachment":[{"href":"https:\/\/www.ayparsenerji.com.tr\/en\/wp-json\/wp\/v2\/media?parent=143"}],"wp:term":[{"taxonomy":"product_cat","embeddable":true,"href":"https:\/\/www.ayparsenerji.com.tr\/en\/wp-json\/wp\/v2\/product_cat?post=143"},{"taxonomy":"product_tag","embeddable":true,"href":"https:\/\/www.ayparsenerji.com.tr\/en\/wp-json\/wp\/v2\/product_tag?post=143"}],"curies":[{"name":"wp","href":"https:\/\/api.w.org\/{rel}","templated":true}]}}