
{"id":139,"date":"2024-06-03T10:08:45","date_gmt":"2024-06-03T07:08:45","guid":{"rendered":"https:\/\/ayparsenerji.com.tr\/?post_type=product&#038;p=139"},"modified":"2024-06-03T10:08:45","modified_gmt":"2024-06-03T07:08:45","slug":"zayif-akim-kablolari","status":"publish","type":"product","link":"https:\/\/www.ayparsenerji.com.tr\/en\/product\/zayif-akim-kablolari\/","title":{"rendered":"Zay\u0131f Ak\u0131m Kablolar\u0131"},"content":{"rendered":"<p>\u2756 Zay\u0131f ak\u0131m kablolar\u0131 ise daha \u00e7ok i\u00e7 mekan uygulamalarda tercih edilen ve ta\u015f\u0131ma kapasitesi 1kV\u2019un alt\u0131nda olan kablolar\u0131 temsil eder. Geli\u015fen teknolojiye uygun olarak kablo se\u00e7imleri, uygulama alan\u0131na \u00f6zel, insanlar\u0131n can g\u00fcvenlikleri de d\u00fc\u015f\u00fcn\u00fclerek \u00f6zenle se\u00e7ilmelidir.<\/p>","protected":false},"excerpt":{"rendered":"<ul>\n<li><label><strong>\u00dcr\u00fcn Kodu:<\/strong> Zay\u0131f Ak\u0131m Kablolar\u0131<\/label><\/li>\n<li><label><strong>Fiyat: <\/strong><\/label>Fiyat i\u00e7in l\u00fctfen ileti\u015fime ge\u00e7iniz.<\/li>\n<\/ul>","protected":false},"featured_media":140,"comment_status":"closed","ping_status":"closed","template":"","meta":[],"product_cat":[19],"product_tag":[],"class_list":{"0":"post-139","1":"product","2":"type-product","3":"status-publish","4":"has-post-thumbnail","6":"product_cat-kablolar","8":"first","9":"instock","10":"shipping-taxable","11":"product-type-simple"},"_links":{"self":[{"href":"https:\/\/www.ayparsenerji.com.tr\/en\/wp-json\/wp\/v2\/product\/139","targetHints":{"allow":["GET"]}}],"collection":[{"href":"https:\/\/www.ayparsenerji.com.tr\/en\/wp-json\/wp\/v2\/product"}],"about":[{"href":"https:\/\/www.ayparsenerji.com.tr\/en\/wp-json\/wp\/v2\/types\/product"}],"replies":[{"embeddable":true,"href":"https:\/\/www.ayparsenerji.com.tr\/en\/wp-json\/wp\/v2\/comments?post=139"}],"wp:featuredmedia":[{"embeddable":true,"href":"https:\/\/www.ayparsenerji.com.tr\/en\/wp-json\/wp\/v2\/media\/140"}],"wp:attachment":[{"href":"https:\/\/www.ayparsenerji.com.tr\/en\/wp-json\/wp\/v2\/media?parent=139"}],"wp:term":[{"taxonomy":"product_cat","embeddable":true,"href":"https:\/\/www.ayparsenerji.com.tr\/en\/wp-json\/wp\/v2\/product_cat?post=139"},{"taxonomy":"product_tag","embeddable":true,"href":"https:\/\/www.ayparsenerji.com.tr\/en\/wp-json\/wp\/v2\/product_tag?post=139"}],"curies":[{"name":"wp","href":"https:\/\/api.w.org\/{rel}","templated":true}]}}