
{"id":137,"date":"2024-06-03T10:06:38","date_gmt":"2024-06-03T07:06:38","guid":{"rendered":"https:\/\/ayparsenerji.com.tr\/?post_type=product&#038;p=137"},"modified":"2024-06-04T12:49:27","modified_gmt":"2024-06-04T09:49:27","slug":"alcak-gerilimli-ag-kablolar","status":"publish","type":"product","link":"https:\/\/www.ayparsenerji.com.tr\/en\/product\/alcak-gerilimli-ag-kablolar\/","title":{"rendered":"Al\u00e7ak Gerilimli AG Kablolar"},"content":{"rendered":"<p>\u2756 1000 voltu a\u015fmayan yerlerde genel olarak 3 tip kablo kullan\u0131l\u0131r. Bunlar metalden ba\u015fka maddelerle kapl\u0131 kablolar, metal kapl\u0131 kablolar ve mineralle yal\u0131t\u0131lm\u0131\u015f, metalik muhafazal\u0131 kablolard\u0131r. Metalden ba\u015fka maddeyle kapl\u0131 kablo her biri lastikle yal\u0131t\u0131lm\u0131\u015f iletkenlerden meydana gelir.<\/p>\n<p>\u2756 Aypars Enerji olarak; her t\u00fcrl\u00fc kablo ihtiyac\u0131n\u0131z\u0131 dev stoklar\u0131m\u0131zla h\u0131zl\u0131 ve ekonomik bir \u015fekilde kar\u015f\u0131l\u0131yoruz.<\/p>","protected":false},"excerpt":{"rendered":"<ul>\n<li><label><strong>\u00dcr\u00fcn Kodu:<\/strong> Al\u00e7ak Gerilimli AG Kablolar<\/label><\/li>\n<li><label><strong>Fiyat: <\/strong><\/label>Fiyat i\u00e7in l\u00fctfen ileti\u015fime ge\u00e7iniz.<\/li>\n<\/ul>","protected":false},"featured_media":138,"comment_status":"closed","ping_status":"closed","template":"","meta":[],"product_cat":[19],"product_tag":[],"class_list":{"0":"post-137","1":"product","2":"type-product","3":"status-publish","4":"has-post-thumbnail","6":"product_cat-kablolar","8":"first","9":"instock","10":"shipping-taxable","11":"product-type-simple"},"_links":{"self":[{"href":"https:\/\/www.ayparsenerji.com.tr\/en\/wp-json\/wp\/v2\/product\/137","targetHints":{"allow":["GET"]}}],"collection":[{"href":"https:\/\/www.ayparsenerji.com.tr\/en\/wp-json\/wp\/v2\/product"}],"about":[{"href":"https:\/\/www.ayparsenerji.com.tr\/en\/wp-json\/wp\/v2\/types\/product"}],"replies":[{"embeddable":true,"href":"https:\/\/www.ayparsenerji.com.tr\/en\/wp-json\/wp\/v2\/comments?post=137"}],"wp:featuredmedia":[{"embeddable":true,"href":"https:\/\/www.ayparsenerji.com.tr\/en\/wp-json\/wp\/v2\/media\/138"}],"wp:attachment":[{"href":"https:\/\/www.ayparsenerji.com.tr\/en\/wp-json\/wp\/v2\/media?parent=137"}],"wp:term":[{"taxonomy":"product_cat","embeddable":true,"href":"https:\/\/www.ayparsenerji.com.tr\/en\/wp-json\/wp\/v2\/product_cat?post=137"},{"taxonomy":"product_tag","embeddable":true,"href":"https:\/\/www.ayparsenerji.com.tr\/en\/wp-json\/wp\/v2\/product_tag?post=137"}],"curies":[{"name":"wp","href":"https:\/\/api.w.org\/{rel}","templated":true}]}}