
{"id":135,"date":"2024-06-03T10:04:21","date_gmt":"2024-06-03T07:04:21","guid":{"rendered":"https:\/\/ayparsenerji.com.tr\/?post_type=product&#038;p=135"},"modified":"2024-06-04T12:49:47","modified_gmt":"2024-06-04T09:49:47","slug":"orta-gerilim-og-kablolar","status":"publish","type":"product","link":"https:\/\/www.ayparsenerji.com.tr\/en\/product\/orta-gerilim-og-kablolar\/","title":{"rendered":"Orta Gerilim OG Kablolar"},"content":{"rendered":"<p>\u2756 Gerilim de\u011ferine g\u00f6re temelinde 1kV-35kV aras\u0131ndaki de\u011ferlere uygun olan kablolara Orta Gerilim kablosu denir. S\u00f6z konusu kablolar tek damar, \u00fc\u00e7 damar, z\u0131rhl\u0131, PVC gibi farkl\u0131 tiplerde \u00fcretilebilmektedir.<\/p>\n<p>\u2756 Aypars Enerji olarak; XLPE, NAYY, NYY her t\u00fcrl\u00fc kablo ihtiyac\u0131n\u0131z\u0131 stoklar\u0131m\u0131zdan, en h\u0131zl\u0131 ve en ekonomik \u015fekilde sizler i\u00e7in temin ediyoruz.<\/p>","protected":false},"excerpt":{"rendered":"<ul>\n<li><label><strong>\u00dcr\u00fcn Kodu: <\/strong>Orta Gerilim OG Kablolar<\/label><\/li>\n<li><label><strong>Fiyat: <\/strong><\/label>Fiyat i\u00e7in l\u00fctfen ileti\u015fime ge\u00e7iniz.<\/li>\n<\/ul>","protected":false},"featured_media":136,"comment_status":"closed","ping_status":"closed","template":"","meta":[],"product_cat":[19],"product_tag":[],"class_list":{"0":"post-135","1":"product","2":"type-product","3":"status-publish","4":"has-post-thumbnail","6":"product_cat-kablolar","8":"first","9":"instock","10":"shipping-taxable","11":"product-type-simple"},"_links":{"self":[{"href":"https:\/\/www.ayparsenerji.com.tr\/en\/wp-json\/wp\/v2\/product\/135","targetHints":{"allow":["GET"]}}],"collection":[{"href":"https:\/\/www.ayparsenerji.com.tr\/en\/wp-json\/wp\/v2\/product"}],"about":[{"href":"https:\/\/www.ayparsenerji.com.tr\/en\/wp-json\/wp\/v2\/types\/product"}],"replies":[{"embeddable":true,"href":"https:\/\/www.ayparsenerji.com.tr\/en\/wp-json\/wp\/v2\/comments?post=135"}],"wp:featuredmedia":[{"embeddable":true,"href":"https:\/\/www.ayparsenerji.com.tr\/en\/wp-json\/wp\/v2\/media\/136"}],"wp:attachment":[{"href":"https:\/\/www.ayparsenerji.com.tr\/en\/wp-json\/wp\/v2\/media?parent=135"}],"wp:term":[{"taxonomy":"product_cat","embeddable":true,"href":"https:\/\/www.ayparsenerji.com.tr\/en\/wp-json\/wp\/v2\/product_cat?post=135"},{"taxonomy":"product_tag","embeddable":true,"href":"https:\/\/www.ayparsenerji.com.tr\/en\/wp-json\/wp\/v2\/product_tag?post=135"}],"curies":[{"name":"wp","href":"https:\/\/api.w.org\/{rel}","templated":true}]}}