
{"id":129,"date":"2024-06-03T09:58:32","date_gmt":"2024-06-03T06:58:32","guid":{"rendered":"https:\/\/ayparsenerji.com.tr\/?post_type=product&#038;p=129"},"modified":"2024-06-03T09:58:32","modified_gmt":"2024-06-03T06:58:32","slug":"kablo-pabuclari","status":"publish","type":"product","link":"https:\/\/www.ayparsenerji.com.tr\/en\/product\/kablo-pabuclari\/","title":{"rendered":"Kablo Pabu\u00e7lar\u0131"},"content":{"rendered":"<p>End\u00fcstriyel terminolojiye g\u00f6re \u201ckonnekt\u00f6r\u201d ya da \u201c\u00e7apa\u201d olarak da bilinen kablo pabu\u00e7lar\u0131, bir\u00e7ok elektrikli uygulamalara do\u011frudan ba\u011flant\u0131 yap\u0131lmas\u0131n\u0131 sa\u011flamak, bak\u0131m, tamirat ve montaj i\u015flemlerinde kolayl\u0131k sa\u011flamak amac\u0131yla tasarlanm\u0131\u015f kablo aksesuarlar\u0131d\u0131r. En yayg\u0131n \u00f6rne\u011fi; motorlu ara\u00e7lar\u0131n elektriksel aksamlar\u0131n\u0131 beslemek i\u00e7in kullan\u0131lan ak\u00fc ba\u011flant\u0131 uygulamalar\u0131d\u0131r.<\/p>\n<h3>Kullan\u0131m \u015eekilleri<\/h3>\n<p>Kablo pabu\u00e7lar\u0131, kal\u0131c\u0131 ba\u011flant\u0131 olmas\u0131 gereken ve direkt ba\u011flant\u0131n\u0131n uygulanmas\u0131n\u0131n sak\u0131ncal\u0131 oldu\u011fu yerlerde kullan\u0131l\u0131rlar. Kullan\u0131m \u015fekillerine g\u00f6re, uygulama y\u00f6ntemleri de de\u011fi\u015fkenlik g\u00f6sterebilir. Ba\u011flant\u0131s\u0131 yap\u0131lacak olan pabucun tipine g\u00f6re lehim ya da kaynak yap\u0131l\u0131r. Daha sonra pabucun ba\u011flant\u0131 ucu, civata, vida ya da klips vas\u0131tas\u0131 ile tam e\u015fle\u015fen bir terminal ile ba\u011flant\u0131 noktas\u0131na s\u0131k\u0131\u015ft\u0131r\u0131larak ba\u011flan\u0131r. Bir\u00e7ok ebatta ve farkl\u0131 metal malzemeler ile \u00fcretilen pabu\u00e7larda en s\u0131k kullan\u0131lan metal ise bak\u0131rd\u0131r. \u00c7atal veya \u201cU\u201d \u015fekilli pabu\u00e7lar, vida terminalleri i\u00e7in; kapal\u0131 ring veya \u201cO\u201d tipi pabu\u00e7lar civatal\u0131 uygulamalar i\u00e7in; pin veya yass\u0131 tutamakl\u0131 pabu\u00e7lar ise s\u0131k\u0131\u015ft\u0131rmal\u0131 ya da b\u0131\u00e7ak u\u00e7lu terminaller i\u00e7in kullan\u0131l\u0131rlar. Kablo pabu\u00e7lar\u0131, daha kal\u0131n kesitli kabloyu daha k\u00fc\u00e7\u00fck ebatta bir konnekt\u00f6re ba\u011flayabildikleri i\u00e7in kablo boyutunu indirgemek i\u00e7in de kullan\u0131l\u0131rlar.<\/p>","protected":false},"excerpt":{"rendered":"<ul>\n<li><label><strong>\u00dcr\u00fcn Kodu: <\/strong>Kablo Pabu\u00e7lar\u0131<\/label><\/li>\n<li><label><strong>Fiyat: <\/strong><\/label>Fiyat i\u00e7in l\u00fctfen ileti\u015fime ge\u00e7iniz.<\/li>\n<\/ul>","protected":false},"featured_media":130,"comment_status":"closed","ping_status":"closed","template":"","meta":[],"product_cat":[18],"product_tag":[],"class_list":{"0":"post-129","1":"product","2":"type-product","3":"status-publish","4":"has-post-thumbnail","6":"product_cat-kablo-aksesuarlari","8":"first","9":"instock","10":"shipping-taxable","11":"product-type-simple"},"_links":{"self":[{"href":"https:\/\/www.ayparsenerji.com.tr\/en\/wp-json\/wp\/v2\/product\/129","targetHints":{"allow":["GET"]}}],"collection":[{"href":"https:\/\/www.ayparsenerji.com.tr\/en\/wp-json\/wp\/v2\/product"}],"about":[{"href":"https:\/\/www.ayparsenerji.com.tr\/en\/wp-json\/wp\/v2\/types\/product"}],"replies":[{"embeddable":true,"href":"https:\/\/www.ayparsenerji.com.tr\/en\/wp-json\/wp\/v2\/comments?post=129"}],"wp:featuredmedia":[{"embeddable":true,"href":"https:\/\/www.ayparsenerji.com.tr\/en\/wp-json\/wp\/v2\/media\/130"}],"wp:attachment":[{"href":"https:\/\/www.ayparsenerji.com.tr\/en\/wp-json\/wp\/v2\/media?parent=129"}],"wp:term":[{"taxonomy":"product_cat","embeddable":true,"href":"https:\/\/www.ayparsenerji.com.tr\/en\/wp-json\/wp\/v2\/product_cat?post=129"},{"taxonomy":"product_tag","embeddable":true,"href":"https:\/\/www.ayparsenerji.com.tr\/en\/wp-json\/wp\/v2\/product_tag?post=129"}],"curies":[{"name":"wp","href":"https:\/\/api.w.org\/{rel}","templated":true}]}}