
{"id":125,"date":"2024-06-03T09:54:23","date_gmt":"2024-06-03T06:54:23","guid":{"rendered":"https:\/\/ayparsenerji.com.tr\/?post_type=product&#038;p=125"},"modified":"2024-06-03T09:54:24","modified_gmt":"2024-06-03T06:54:24","slug":"kablo-basliklari","status":"publish","type":"product","link":"https:\/\/www.ayparsenerji.com.tr\/en\/product\/kablo-basliklari\/","title":{"rendered":"Kablo Ba\u015fl\u0131klar\u0131"},"content":{"rendered":"<p>\u2756 Is\u0131 ile b\u00fcz\u00fc\u015fme tekni\u011fi sayesinde bir malzemenin bir\u00e7ok kesitteki kabloya uygulama olana\u011f\u0131n\u0131 sa\u011flar.<\/p>\n<p>\u2756 Modern kesici sistemlerine uygun olarak daha az yer kaplar.<\/p>\n<p>\u2756 Montaj\u0131 kolayd\u0131r, silikon ve grese ihtiya\u00e7 yoktur.<\/p>\n<p>\u2756 S\u0131zd\u0131rmazl\u0131k, elektriksel stres kontrol ve \u00e7evre etkilerine kar\u015f\u0131 koruma sa\u011flar.<\/p>\n<p>Raychem\u2019in \u00fc\u00e7 damarl\u0131 \u0131s\u0131 b\u00fcz\u00fc\u015fmeli kablo ba\u015fl\u0131klar\u0131n\u0131n tek damarl\u0131lardan fark\u0131, damar ay\u0131r\u0131c\u0131 ad\u0131 verilen malzemenin kullan\u0131lmas\u0131d\u0131r. Ba\u015fl\u0131k olu\u015fturan di\u011fer malzemeler ve uygulama y\u00f6ntemi ayn\u0131d\u0131r. Kullan\u0131lan damar ay\u0131r\u0131c\u0131 da \u0131s\u0131 b\u00fcz\u00fc\u015fmeli tip \u00f6zelliktedir.<\/p>","protected":false},"excerpt":{"rendered":"<ul>\n<li><label><strong>\u00dcr\u00fcn Kodu:<\/strong>Kablo Ba\u015fl\u0131klar\u0131<\/label><\/li>\n<li><label><strong>Fiyat: <\/strong><\/label>Fiyat i\u00e7in l\u00fctfen ileti\u015fime ge\u00e7iniz.<\/li>\n<\/ul>","protected":false},"featured_media":126,"comment_status":"closed","ping_status":"closed","template":"","meta":[],"product_cat":[18],"product_tag":[],"class_list":{"0":"post-125","1":"product","2":"type-product","3":"status-publish","4":"has-post-thumbnail","6":"product_cat-kablo-aksesuarlari","8":"first","9":"instock","10":"shipping-taxable","11":"product-type-simple"},"_links":{"self":[{"href":"https:\/\/www.ayparsenerji.com.tr\/en\/wp-json\/wp\/v2\/product\/125","targetHints":{"allow":["GET"]}}],"collection":[{"href":"https:\/\/www.ayparsenerji.com.tr\/en\/wp-json\/wp\/v2\/product"}],"about":[{"href":"https:\/\/www.ayparsenerji.com.tr\/en\/wp-json\/wp\/v2\/types\/product"}],"replies":[{"embeddable":true,"href":"https:\/\/www.ayparsenerji.com.tr\/en\/wp-json\/wp\/v2\/comments?post=125"}],"wp:featuredmedia":[{"embeddable":true,"href":"https:\/\/www.ayparsenerji.com.tr\/en\/wp-json\/wp\/v2\/media\/126"}],"wp:attachment":[{"href":"https:\/\/www.ayparsenerji.com.tr\/en\/wp-json\/wp\/v2\/media?parent=125"}],"wp:term":[{"taxonomy":"product_cat","embeddable":true,"href":"https:\/\/www.ayparsenerji.com.tr\/en\/wp-json\/wp\/v2\/product_cat?post=125"},{"taxonomy":"product_tag","embeddable":true,"href":"https:\/\/www.ayparsenerji.com.tr\/en\/wp-json\/wp\/v2\/product_tag?post=125"}],"curies":[{"name":"wp","href":"https:\/\/api.w.org\/{rel}","templated":true}]}}