
{"id":121,"date":"2024-06-03T09:33:45","date_gmt":"2024-06-03T06:33:45","guid":{"rendered":"https:\/\/ayparsenerji.com.tr\/?post_type=product&#038;p=121"},"modified":"2024-06-03T09:33:45","modified_gmt":"2024-06-03T06:33:45","slug":"silikon-izolatorler","status":"publish","type":"product","link":"https:\/\/www.ayparsenerji.com.tr\/en\/product\/silikon-izolatorler\/","title":{"rendered":"Silikon \u0130zolat\u00f6rler"},"content":{"rendered":"<p>\u2756 Y\u00fcksek esneklik kabiliyeti, hafifli\u011fi, UV dayan\u0131m\u0131 ve hidrofobik \u00f6zelli\u011fi ile g\u00fcn\u00fcm\u00fczde porselen izolat\u00f6rlerin alternatifi olarak tercih edilmektedir. 2 adet metal kep aras\u0131nda bulunan y\u00fcksek mukavemetli cam elyaf iskeleti hem dayan\u0131m hem de yal\u0131tkanl\u0131k sa\u011flar. \u0130zolat\u00f6r\u00fcn d\u0131\u015f g\u00f6vdesinde polimerik kompozit ham madde kullan\u0131lmaktad\u0131r.<\/p>\n<p>\u2756 K1 40 kN, K2 100 kN , vhd35 silikon tipleri mevcuttur.<\/p>","protected":false},"excerpt":{"rendered":"<ul>\n<li><label><strong>\u00dcr\u00fcn Kodu:<\/strong>Silikon \u0130zolat\u00f6rler<\/label><\/li>\n<li><label><strong>Fiyat: <\/strong><\/label>Fiyat i\u00e7in l\u00fctfen ileti\u015fime ge\u00e7iniz.<\/li>\n<\/ul>","protected":false},"featured_media":122,"comment_status":"closed","ping_status":"closed","template":"","meta":[],"product_cat":[17],"product_tag":[],"class_list":{"0":"post-121","1":"product","2":"type-product","3":"status-publish","4":"has-post-thumbnail","6":"product_cat-izolatorler","8":"first","9":"instock","10":"shipping-taxable","11":"product-type-simple"},"_links":{"self":[{"href":"https:\/\/www.ayparsenerji.com.tr\/en\/wp-json\/wp\/v2\/product\/121","targetHints":{"allow":["GET"]}}],"collection":[{"href":"https:\/\/www.ayparsenerji.com.tr\/en\/wp-json\/wp\/v2\/product"}],"about":[{"href":"https:\/\/www.ayparsenerji.com.tr\/en\/wp-json\/wp\/v2\/types\/product"}],"replies":[{"embeddable":true,"href":"https:\/\/www.ayparsenerji.com.tr\/en\/wp-json\/wp\/v2\/comments?post=121"}],"wp:featuredmedia":[{"embeddable":true,"href":"https:\/\/www.ayparsenerji.com.tr\/en\/wp-json\/wp\/v2\/media\/122"}],"wp:attachment":[{"href":"https:\/\/www.ayparsenerji.com.tr\/en\/wp-json\/wp\/v2\/media?parent=121"}],"wp:term":[{"taxonomy":"product_cat","embeddable":true,"href":"https:\/\/www.ayparsenerji.com.tr\/en\/wp-json\/wp\/v2\/product_cat?post=121"},{"taxonomy":"product_tag","embeddable":true,"href":"https:\/\/www.ayparsenerji.com.tr\/en\/wp-json\/wp\/v2\/product_tag?post=121"}],"curies":[{"name":"wp","href":"https:\/\/api.w.org\/{rel}","templated":true}]}}