
{"id":119,"date":"2024-06-03T09:32:11","date_gmt":"2024-06-03T06:32:11","guid":{"rendered":"https:\/\/ayparsenerji.com.tr\/?post_type=product&#038;p=119"},"modified":"2024-06-03T09:32:12","modified_gmt":"2024-06-03T06:32:12","slug":"og-izolatorler","status":"publish","type":"product","link":"https:\/\/www.ayparsenerji.com.tr\/en\/product\/og-izolatorler\/","title":{"rendered":"OG \u0130zolat\u00f6rler"},"content":{"rendered":"<p>\u2756 Anma gerilimi 35 kV olan izolat\u00f6rlere orta gerilim izolat\u00f6r denir.<\/p>\n<p>\u2756 \u00c7ubuk, mesnet, pin tipi, zincir, ge\u00e7it, bara tip ve ay\u0131r\u0131c\u0131 tipleri mevcuttur.<\/p>","protected":false},"excerpt":{"rendered":"<ul>\n<li><label><strong>\u00dcr\u00fcn Kodu:<\/strong>OG \u0130zolat\u00f6rler<\/label><\/li>\n<li><label><strong>Fiyat: <\/strong><\/label>Fiyat i\u00e7in l\u00fctfen ileti\u015fime ge\u00e7iniz.<\/li>\n<\/ul>","protected":false},"featured_media":120,"comment_status":"closed","ping_status":"closed","template":"","meta":[],"product_cat":[17],"product_tag":[],"class_list":{"0":"post-119","1":"product","2":"type-product","3":"status-publish","4":"has-post-thumbnail","6":"product_cat-izolatorler","8":"first","9":"instock","10":"shipping-taxable","11":"product-type-simple"},"_links":{"self":[{"href":"https:\/\/www.ayparsenerji.com.tr\/en\/wp-json\/wp\/v2\/product\/119","targetHints":{"allow":["GET"]}}],"collection":[{"href":"https:\/\/www.ayparsenerji.com.tr\/en\/wp-json\/wp\/v2\/product"}],"about":[{"href":"https:\/\/www.ayparsenerji.com.tr\/en\/wp-json\/wp\/v2\/types\/product"}],"replies":[{"embeddable":true,"href":"https:\/\/www.ayparsenerji.com.tr\/en\/wp-json\/wp\/v2\/comments?post=119"}],"wp:featuredmedia":[{"embeddable":true,"href":"https:\/\/www.ayparsenerji.com.tr\/en\/wp-json\/wp\/v2\/media\/120"}],"wp:attachment":[{"href":"https:\/\/www.ayparsenerji.com.tr\/en\/wp-json\/wp\/v2\/media?parent=119"}],"wp:term":[{"taxonomy":"product_cat","embeddable":true,"href":"https:\/\/www.ayparsenerji.com.tr\/en\/wp-json\/wp\/v2\/product_cat?post=119"},{"taxonomy":"product_tag","embeddable":true,"href":"https:\/\/www.ayparsenerji.com.tr\/en\/wp-json\/wp\/v2\/product_tag?post=119"}],"curies":[{"name":"wp","href":"https:\/\/api.w.org\/{rel}","templated":true}]}}