
{"id":117,"date":"2024-06-03T09:22:45","date_gmt":"2024-06-03T06:22:45","guid":{"rendered":"https:\/\/ayparsenerji.com.tr\/?post_type=product&#038;p=117"},"modified":"2024-06-03T09:22:45","modified_gmt":"2024-06-03T06:22:45","slug":"ag-izolatorler","status":"publish","type":"product","link":"https:\/\/www.ayparsenerji.com.tr\/en\/product\/ag-izolatorler\/","title":{"rendered":"AG \u0130zolat\u00f6rler"},"content":{"rendered":"<p>\u2756 1000 V anma gerilimi ve TS 76 dahilinde olan izolat\u00f6rlere denir. Al\u00e7ak gerilim da\u011f\u0131t\u0131m enerji nakil hatlar\u0131nda iletkenlerin dire\u011fe tespitinde kullan\u0131l\u0131r.<\/p>\n<p>\u2756 Al\u00e7ak gerilimde kullan\u0131lan izolat\u00f6rlerin boyu k\u0131sad\u0131r al\u00e7ak gerilim izolat\u00f6r tiplerine fincan izolat\u00f6r denir.<\/p>","protected":false},"excerpt":{"rendered":"<ul>\n<li><label><strong>\u00dcr\u00fcn Kodu: <\/strong>AG \u0130zolat\u00f6rler<\/label><\/li>\n<li><label><strong>Fiyat: <\/strong><\/label>Fiyat i\u00e7in l\u00fctfen ileti\u015fime ge\u00e7iniz.<\/li>\n<\/ul>","protected":false},"featured_media":118,"comment_status":"closed","ping_status":"closed","template":"","meta":[],"product_cat":[17],"product_tag":[],"class_list":{"0":"post-117","1":"product","2":"type-product","3":"status-publish","4":"has-post-thumbnail","6":"product_cat-izolatorler","8":"first","9":"instock","10":"shipping-taxable","11":"product-type-simple"},"_links":{"self":[{"href":"https:\/\/www.ayparsenerji.com.tr\/en\/wp-json\/wp\/v2\/product\/117","targetHints":{"allow":["GET"]}}],"collection":[{"href":"https:\/\/www.ayparsenerji.com.tr\/en\/wp-json\/wp\/v2\/product"}],"about":[{"href":"https:\/\/www.ayparsenerji.com.tr\/en\/wp-json\/wp\/v2\/types\/product"}],"replies":[{"embeddable":true,"href":"https:\/\/www.ayparsenerji.com.tr\/en\/wp-json\/wp\/v2\/comments?post=117"}],"wp:featuredmedia":[{"embeddable":true,"href":"https:\/\/www.ayparsenerji.com.tr\/en\/wp-json\/wp\/v2\/media\/118"}],"wp:attachment":[{"href":"https:\/\/www.ayparsenerji.com.tr\/en\/wp-json\/wp\/v2\/media?parent=117"}],"wp:term":[{"taxonomy":"product_cat","embeddable":true,"href":"https:\/\/www.ayparsenerji.com.tr\/en\/wp-json\/wp\/v2\/product_cat?post=117"},{"taxonomy":"product_tag","embeddable":true,"href":"https:\/\/www.ayparsenerji.com.tr\/en\/wp-json\/wp\/v2\/product_tag?post=117"}],"curies":[{"name":"wp","href":"https:\/\/api.w.org\/{rel}","templated":true}]}}