
{"id":113,"date":"2024-06-03T09:17:46","date_gmt":"2024-06-03T06:17:46","guid":{"rendered":"https:\/\/ayparsenerji.com.tr\/?post_type=product&#038;p=113"},"modified":"2024-06-03T09:17:46","modified_gmt":"2024-06-03T06:17:46","slug":"iletken-kapama","status":"publish","type":"product","link":"https:\/\/www.ayparsenerji.com.tr\/en\/product\/iletken-kapama\/","title":{"rendered":"\u0130letken Kapama"},"content":{"rendered":"<p>\u2756 Og boru tipi iletken kapama; elektrik da\u011f\u0131t\u0131m hatlar\u0131nda kullan\u0131lan iletken tellerin izolasyonu i\u00e7in kullan\u0131lan izolasyon malzemesidir.<\/p>\n<p>\u2756 Swallow (3), sparrow (2), robinone (88200), raven(1\/0), pigeon(3\/0) iletkenler\u00a0 i\u00e7in uygundur.<\/p>\n<p>\u2756 G\u00fc\u00e7l\u00fc elektriksel izolasyon sa\u011flar. TS EN 60060-1 standard\u0131na g\u00f6re yap\u0131lan dielektrik dayan\u0131m testine uygun olarak \u00fcretilmi\u015ftir.<\/p>","protected":false},"excerpt":{"rendered":"<ul>\n<li><label><strong>\u00dcr\u00fcn Kodu:<\/strong>\u0130letken Kapama<\/label><\/li>\n<li><label><strong>Fiyat: <\/strong><\/label>Fiyat i\u00e7in l\u00fctfen ileti\u015fime ge\u00e7iniz.<\/li>\n<\/ul>","protected":false},"featured_media":114,"comment_status":"closed","ping_status":"closed","template":"","meta":[],"product_cat":[16],"product_tag":[],"class_list":{"0":"post-113","1":"product","2":"type-product","3":"status-publish","4":"has-post-thumbnail","6":"product_cat-izolasyon-malzemeleri","8":"first","9":"instock","10":"shipping-taxable","11":"product-type-simple"},"_links":{"self":[{"href":"https:\/\/www.ayparsenerji.com.tr\/en\/wp-json\/wp\/v2\/product\/113","targetHints":{"allow":["GET"]}}],"collection":[{"href":"https:\/\/www.ayparsenerji.com.tr\/en\/wp-json\/wp\/v2\/product"}],"about":[{"href":"https:\/\/www.ayparsenerji.com.tr\/en\/wp-json\/wp\/v2\/types\/product"}],"replies":[{"embeddable":true,"href":"https:\/\/www.ayparsenerji.com.tr\/en\/wp-json\/wp\/v2\/comments?post=113"}],"wp:featuredmedia":[{"embeddable":true,"href":"https:\/\/www.ayparsenerji.com.tr\/en\/wp-json\/wp\/v2\/media\/114"}],"wp:attachment":[{"href":"https:\/\/www.ayparsenerji.com.tr\/en\/wp-json\/wp\/v2\/media?parent=113"}],"wp:term":[{"taxonomy":"product_cat","embeddable":true,"href":"https:\/\/www.ayparsenerji.com.tr\/en\/wp-json\/wp\/v2\/product_cat?post=113"},{"taxonomy":"product_tag","embeddable":true,"href":"https:\/\/www.ayparsenerji.com.tr\/en\/wp-json\/wp\/v2\/product_tag?post=113"}],"curies":[{"name":"wp","href":"https:\/\/api.w.org\/{rel}","templated":true}]}}