
{"id":111,"date":"2024-06-03T09:14:36","date_gmt":"2024-06-03T06:14:36","guid":{"rendered":"https:\/\/ayparsenerji.com.tr\/?post_type=product&#038;p=111"},"modified":"2024-06-04T13:06:30","modified_gmt":"2024-06-04T10:06:30","slug":"ag-og-busing","status":"publish","type":"product","link":"https:\/\/www.ayparsenerji.com.tr\/en\/product\/ag-og-busing\/","title":{"rendered":"AG-OG Bu\u015fing"},"content":{"rendered":"<p>&nbsp;<\/p>\n<p>\u2756 Trafo Bu\u015fing izolat\u00f6rler i\u00e7in yap\u0131lm\u0131\u015f izolasyon kapamalar\u0131 ku\u015f, yabani hayvan ve a\u011fa\u00e7 dallar\u0131n\u0131n temaslar\u0131n\u0131n sebep oldu\u011fu elektrik kesintilerine ve ar\u0131zalara engel olmakla beraber elektrik \u015febekelerinin de ku\u015f ve yabani hayvanlara zarar vermesini engeller.<\/p>\n<p>\u2756 OG Bu\u015fing kapamalar, 1 trafoda 3 faz giri\u015fi oldu\u011fu i\u00e7in 3 adet kullan\u0131lmaktad\u0131r. Genellikle k\u0131rm\u0131z\u0131 renktedir.<\/p>\n<p>\u2756 Ag Bu\u015fing kapamalar, al\u00e7ak gerilim taraf\u0131nda 4 adet \u00e7\u0131k\u0131\u015f baras\u0131 vard\u0131r. N\u00f6tr ve 3 faz. Genellikte siyah renktedir.<\/p>\n<p>&nbsp;<\/p>\n<div class=\"elementor-element elementor-element-1f3e3013 elementor-widget elementor-widget-ct_heading\" data-id=\"1f3e3013\" data-element_type=\"widget\" data-widget_type=\"ct_heading.default\">\n<div class=\"elementor-widget-container\">\n<div id=\"ct_heading-1f3e3013\" class=\"ct-heading h-align-left item-line-title\">\n<div class=\"heading-wrapper\">\n<div class=\"inner-heading\">\n<h4 class=\"item--title case-animate-time line-title\" data-wow-delay=\"ms\">Kullan\u0131m Alanlar\u0131<\/h4>\n<\/div>\n<\/div>\n<\/div>\n<\/div>\n<\/div>\n<section class=\"elementor-section elementor-inner-section elementor-element elementor-element-6c21df06 elementor-section-boxed elementor-section-height-default elementor-section-height-default ct-header-fixed-none ct-column-none ct-row-scroll-none ct-row-gradient--none ct-row-container--default\" data-id=\"6c21df06\" data-element_type=\"section\">\n<div class=\"elementor-container elementor-column-gap-default\">\n<div class=\"elementor-column elementor-col-50 elementor-inner-column elementor-element elementor-element-3a53db8f ct-column-none col-offset-none\" data-id=\"3a53db8f\" data-element_type=\"column\">\n<div class=\"elementor-widget-wrap elementor-element-populated\">\n<div class=\"elementor-element elementor-element-32007f5e elementor-widget elementor-widget-ct_list\" data-id=\"32007f5e\" data-element_type=\"widget\" data-widget_type=\"ct_list.default\">\n<div class=\"elementor-widget-container\">\n<div class=\"ct-list block\">\n<div class=\"ct-list-item wow fadeInUp\">\n<div class=\"ct-list-icon\"><\/div>\n<div class=\"ct-list-content\">\u2756 250 A &#8212; 50 kVA\u2019dan 160 kVA\u2019ya kadar olan trafolarda kullan\u0131labilir<\/div>\n<\/div>\n<div class=\"ct-list-item wow fadeInUp\">\n<div class=\"ct-list-icon\"><\/div>\n<div class=\"ct-list-content\">\u2756 630 A &#8212; 2000 kVA\u2019dan 400 kVA\u2019ya kadar olan trafolarda kullan\u0131labilir.<\/div>\n<\/div>\n<\/div>\n<\/div>\n<\/div>\n<\/div>\n<\/div>\n<div class=\"elementor-column elementor-col-50 elementor-inner-column elementor-element elementor-element-5fc4bc9 ct-column-none col-offset-none\" data-id=\"5fc4bc9\" data-element_type=\"column\">\n<div class=\"elementor-widget-wrap elementor-element-populated\">\n<div class=\"elementor-element elementor-element-23a27d7 elementor-widget elementor-widget-ct_list\" data-id=\"23a27d7\" data-element_type=\"widget\" data-widget_type=\"ct_list.default\">\n<div class=\"elementor-widget-container\">\n<div class=\"ct-list block\">\n<div class=\"ct-list-item wow fadeInUp\">\n<div class=\"ct-list-icon\"><\/div>\n<div class=\"ct-list-content\">\u2756 1000 A &#8212; 500 kVA\u2019dan 630 kVA\u2019ya kadar olan trafolarda kullan\u0131labilir.<\/div>\n<\/div>\n<div class=\"ct-list-item wow fadeInUp\">\n<div class=\"ct-list-icon\"><\/div>\n<div class=\"ct-list-content\">\u2756 2000 A &#8212; 800 kVA, 1000 kVA, 1250 kVA, 1600 kVA ve 2000 kVA trafolarda kullan\u0131labilir.<\/div>\n<\/div>\n<\/div>\n<\/div>\n<\/div>\n<\/div>\n<\/div>\n<\/div>\n<\/section>\n<div class=\"elementor-element elementor-element-46ebac07 elementor-widget elementor-widget-ct_heading\" data-id=\"46ebac07\" data-element_type=\"widget\" data-widget_type=\"ct_heading.default\">\n<div class=\"elementor-widget-container\">\n<div id=\"ct_heading-46ebac07\" class=\"ct-heading h-align-left item-line-title\">\n<div class=\"heading-wrapper\">\n<div class=\"inner-heading\"><\/div>\n<\/div>\n<\/div>\n<\/div>\n<\/div>\n<section class=\"elementor-section elementor-inner-section elementor-element elementor-element-5aa92ea9 elementor-section-boxed elementor-section-height-default elementor-section-height-default ct-header-fixed-none ct-column-none ct-row-scroll-none ct-row-gradient--none ct-row-container--default\" data-id=\"5aa92ea9\" data-element_type=\"section\">\n<div class=\"elementor-container elementor-column-gap-default\">\n<div class=\"elementor-column elementor-col-50 elementor-inner-column elementor-element elementor-element-4b625f9c ct-column-none col-offset-none\" data-id=\"4b625f9c\" data-element_type=\"column\">\n<div class=\"elementor-widget-wrap elementor-element-populated\">\n<div class=\"elementor-element elementor-element-784f146c elementor-widget elementor-widget-ct_list\" data-id=\"784f146c\" data-element_type=\"widget\" data-widget_type=\"ct_list.default\">\n<div class=\"elementor-widget-container\">\n<div class=\"ct-list block\">\n<div class=\"ct-list-item wow fadeInUp\">\n<div class=\"ct-list-content\"><\/div>\n<\/div>\n<\/div>\n<\/div>\n<\/div>\n<\/div>\n<\/div>\n<\/div>\n<\/section>","protected":false},"excerpt":{"rendered":"<ul>\n<li><label><strong>\u00dcr\u00fcn Kodu: <\/strong><\/label>\u0130zole Sehpa<\/li>\n<li><label><strong>Fiyat: <\/strong><\/label>Fiyat i\u00e7in l\u00fctfen ileti\u015fime ge\u00e7iniz.<\/li>\n<\/ul>","protected":false},"featured_media":244,"comment_status":"closed","ping_status":"closed","template":"","meta":[],"product_cat":[16],"product_tag":[],"class_list":{"0":"post-111","1":"product","2":"type-product","3":"status-publish","4":"has-post-thumbnail","6":"product_cat-izolasyon-malzemeleri","8":"first","9":"instock","10":"shipping-taxable","11":"product-type-simple"},"_links":{"self":[{"href":"https:\/\/www.ayparsenerji.com.tr\/en\/wp-json\/wp\/v2\/product\/111","targetHints":{"allow":["GET"]}}],"collection":[{"href":"https:\/\/www.ayparsenerji.com.tr\/en\/wp-json\/wp\/v2\/product"}],"about":[{"href":"https:\/\/www.ayparsenerji.com.tr\/en\/wp-json\/wp\/v2\/types\/product"}],"replies":[{"embeddable":true,"href":"https:\/\/www.ayparsenerji.com.tr\/en\/wp-json\/wp\/v2\/comments?post=111"}],"wp:featuredmedia":[{"embeddable":true,"href":"https:\/\/www.ayparsenerji.com.tr\/en\/wp-json\/wp\/v2\/media\/244"}],"wp:attachment":[{"href":"https:\/\/www.ayparsenerji.com.tr\/en\/wp-json\/wp\/v2\/media?parent=111"}],"wp:term":[{"taxonomy":"product_cat","embeddable":true,"href":"https:\/\/www.ayparsenerji.com.tr\/en\/wp-json\/wp\/v2\/product_cat?post=111"},{"taxonomy":"product_tag","embeddable":true,"href":"https:\/\/www.ayparsenerji.com.tr\/en\/wp-json\/wp\/v2\/product_tag?post=111"}],"curies":[{"name":"wp","href":"https:\/\/api.w.org\/{rel}","templated":true}]}}