
{"id":206,"date":"2024-06-03T14:41:41","date_gmt":"2024-06-03T11:41:41","guid":{"rendered":"https:\/\/ayparsenerji.com.tr\/?page_id=206"},"modified":"2024-06-03T16:53:08","modified_gmt":"2024-06-03T13:53:08","slug":"blog-2","status":"publish","type":"page","link":"https:\/\/www.ayparsenerji.com.tr\/en\/blog-2\/","title":{"rendered":"BLOG"},"content":{"rendered":"<div class=\"sp_wpspwpost_static wpspw-design-1 wpspw-grid-3 wpspw-clearfix\">\r\n\r\n\t\t\t\r\n<div class=\"wpspw-post-grid wpspw-medium-4 wpspw-columns first\">\r\n\t<div class=\"wpspw-post-grid-content\">\r\n\r\n\t\t\t\t\t<div class=\"wpspw-post-image-bg\">\r\n\t\t\t\t<a href=\"https:\/\/www.ayparsenerji.com.tr\/en\/the-importance-of-energy-efficiency\/\">\r\n\t\t\t\t\t<img decoding=\"async\" src=\"https:\/\/www.ayparsenerji.com.tr\/wp-content\/uploads\/2024\/05\/v2.jpg\" alt=\"The Importance of Energy Efficiency\" \/>\r\n\t\t\t\t<\/a>\r\n\t\t\t<\/div>\r\n\t\t\r\n\t\t<h2 class=\"wpspw-post-title\">\r\n\t\t\t<a href=\"https:\/\/www.ayparsenerji.com.tr\/en\/the-importance-of-energy-efficiency\/\">The Importance of Energy Efficiency<\/a>\r\n\t\t<\/h2>\r\n\r\n\t\t\t\t\t<div class=\"wpspw-post-content\">\r\n\t\t\t\t\t\t\t\t\t<div>\r\n\t\t\t\t\t\tG\u00fcn\u00fcm\u00fcz d\u00fcnyas\u0131nda, enerji verimlili\u011fi her zamankinden daha b\u00fcy\u00fck bir \u00f6neme...\t\t\t\t\t<\/div>\r\n\t\t\t\t\t<a class=\"wpspw-readmorebtn\" href=\"https:\/\/www.ayparsenerji.com.tr\/en\/the-importance-of-energy-efficiency\/\">Read More<\/a>\r\n\t\t\t\t\t\t\t<\/div>\r\n\t\t\t<\/div>\r\n<\/div>\r\n<div class=\"wpspw-post-grid wpspw-medium-4 wpspw-columns\">\r\n\t<div class=\"wpspw-post-grid-content\">\r\n\r\n\t\t\t\t\t<div class=\"wpspw-post-image-bg\">\r\n\t\t\t\t<a href=\"https:\/\/www.ayparsenerji.com.tr\/en\/what-are-the-energy-sources\/\">\r\n\t\t\t\t\t<img decoding=\"async\" src=\"https:\/\/www.ayparsenerji.com.tr\/wp-content\/uploads\/2024\/05\/v3.jpg\" alt=\"What are the Energy Sources?\" \/>\r\n\t\t\t\t<\/a>\r\n\t\t\t<\/div>\r\n\t\t\r\n\t\t<h2 class=\"wpspw-post-title\">\r\n\t\t\t<a href=\"https:\/\/www.ayparsenerji.com.tr\/en\/what-are-the-energy-sources\/\">What are the Energy Sources?<\/a>\r\n\t\t<\/h2>\r\n\r\n\t\t\t\t\t<div class=\"wpspw-post-content\">\r\n\t\t\t\t\t\t\t\t\t<div>\r\n\t\t\t\t\t\tEnergy resources refer to various natural and artificial resources that...\t\t\t\t\t<\/div>\r\n\t\t\t\t\t<a class=\"wpspw-readmorebtn\" href=\"https:\/\/www.ayparsenerji.com.tr\/en\/what-are-the-energy-sources\/\">Read More<\/a>\r\n\t\t\t\t\t\t\t<\/div>\r\n\t\t\t<\/div>\r\n<\/div>\r\n<div class=\"wpspw-post-grid wpspw-medium-4 wpspw-columns\">\r\n\t<div class=\"wpspw-post-grid-content\">\r\n\r\n\t\t\t\t\t<div class=\"wpspw-post-image-bg\">\r\n\t\t\t\t<a href=\"https:\/\/www.ayparsenerji.com.tr\/en\/what-is-grounding\/\">\r\n\t\t\t\t\t<img decoding=\"async\" src=\"https:\/\/www.ayparsenerji.com.tr\/wp-content\/uploads\/2024\/05\/v4.jpg\" alt=\"What is Grounding?\" \/>\r\n\t\t\t\t<\/a>\r\n\t\t\t<\/div>\r\n\t\t\r\n\t\t<h2 class=\"wpspw-post-title\">\r\n\t\t\t<a href=\"https:\/\/www.ayparsenerji.com.tr\/en\/what-is-grounding\/\">What is Grounding?<\/a>\r\n\t\t<\/h2>\r\n\r\n\t\t\t\t\t<div class=\"wpspw-post-content\">\r\n\t\t\t\t\t\t\t\t\t<div>\r\n\t\t\t\t\t\tGrounding is a very important concept in terms of electrical...\t\t\t\t\t<\/div>\r\n\t\t\t\t\t<a class=\"wpspw-readmorebtn\" href=\"https:\/\/www.ayparsenerji.com.tr\/en\/what-is-grounding\/\">Read More<\/a>\r\n\t\t\t\t\t\t\t<\/div>\r\n\t\t\t<\/div>\r\n<\/div>\r\n\t\t\t\t\t<\/div>","protected":false},"excerpt":{"rendered":"","protected":false},"author":1,"featured_media":0,"parent":0,"menu_order":0,"comment_status":"closed","ping_status":"closed","template":"","meta":{"footnotes":""},"class_list":["post-206","page","type-page","status-publish","hentry"],"_links":{"self":[{"href":"https:\/\/www.ayparsenerji.com.tr\/en\/wp-json\/wp\/v2\/pages\/206","targetHints":{"allow":["GET"]}}],"collection":[{"href":"https:\/\/www.ayparsenerji.com.tr\/en\/wp-json\/wp\/v2\/pages"}],"about":[{"href":"https:\/\/www.ayparsenerji.com.tr\/en\/wp-json\/wp\/v2\/types\/page"}],"author":[{"embeddable":true,"href":"https:\/\/www.ayparsenerji.com.tr\/en\/wp-json\/wp\/v2\/users\/1"}],"replies":[{"embeddable":true,"href":"https:\/\/www.ayparsenerji.com.tr\/en\/wp-json\/wp\/v2\/comments?post=206"}],"version-history":[{"count":1,"href":"https:\/\/www.ayparsenerji.com.tr\/en\/wp-json\/wp\/v2\/pages\/206\/revisions"}],"predecessor-version":[{"id":207,"href":"https:\/\/www.ayparsenerji.com.tr\/en\/wp-json\/wp\/v2\/pages\/206\/revisions\/207"}],"wp:attachment":[{"href":"https:\/\/www.ayparsenerji.com.tr\/en\/wp-json\/wp\/v2\/media?parent=206"}],"curies":[{"name":"wp","href":"https:\/\/api.w.org\/{rel}","templated":true}]}}